{"id":98618,"date":"2026-04-21T02:02:17","date_gmt":"2026-04-21T08:02:17","guid":{"rendered":"https:\/\/www.veneciacr.com\/index.php\/producto\/sonometro-digital-30-130db-tetsl031-total\/"},"modified":"2026-04-21T02:02:19","modified_gmt":"2026-04-21T08:02:19","slug":"sonometro-digital-30-130db-tetsl031-total","status":"publish","type":"product","link":"https:\/\/www.veneciacr.com\/index.php\/producto\/sonometro-digital-30-130db-tetsl031-total\/","title":{"rendered":"SONOMETRO DIGITAL 30-130DB TETSL031 TOTAL"},"content":{"rendered":"<p>-Medidor de Ruido<\/p>\n<p>-Rango de medici\u00f3n: 30-130dB<\/p>\n<p>-Rango din\u00e1mico: 50dB<\/p>\n<p>-Precisi\u00f3n de presi\u00f3n sonora: \u00b11.5dB (94dB@1KHz), \u00b11.5dB (94dB@8KHz)<\/p>\n<p>-Respuesta de frecuencia: 30Hz-8KHz<\/p>\n<p>-Micr\u00f3fono de condensador polarizado<\/p>\n<p>-Con funci\u00f3n de retroiluminaci\u00f3n<\/p>\n<p>-Con indicaci\u00f3n de bater\u00eda baja<\/p>\n","protected":false},"excerpt":{"rendered":"<p>-Medidor de Ruido -Rango de medici\u00f3n: 30-130dB -Rango din\u00e1mico: 50dB -Precisi\u00f3n de presi\u00f3n sonora: \u00b11.5dB (94dB@1KHz), \u00b11.5dB (94dB@8KHz) -Respuesta de<\/p>\n","protected":false},"featured_media":98619,"comment_status":"closed","ping_status":"open","template":"","meta":[],"product_brand":[],"product_cat":[15],"product_tag":[],"class_list":{"0":"post-98618","1":"product","2":"type-product","3":"status-publish","4":"has-post-thumbnail","6":"product_cat-uncategorized","8":"first","9":"instock","10":"purchasable","11":"product-type-simple"},"jetpack_sharing_enabled":true,"_links":{"self":[{"href":"https:\/\/www.veneciacr.com\/index.php\/wp-json\/wp\/v2\/product\/98618","targetHints":{"allow":["GET"]}}],"collection":[{"href":"https:\/\/www.veneciacr.com\/index.php\/wp-json\/wp\/v2\/product"}],"about":[{"href":"https:\/\/www.veneciacr.com\/index.php\/wp-json\/wp\/v2\/types\/product"}],"replies":[{"embeddable":true,"href":"https:\/\/www.veneciacr.com\/index.php\/wp-json\/wp\/v2\/comments?post=98618"}],"wp:featuredmedia":[{"embeddable":true,"href":"https:\/\/www.veneciacr.com\/index.php\/wp-json\/wp\/v2\/media\/98619"}],"wp:attachment":[{"href":"https:\/\/www.veneciacr.com\/index.php\/wp-json\/wp\/v2\/media?parent=98618"}],"wp:term":[{"taxonomy":"product_brand","embeddable":true,"href":"https:\/\/www.veneciacr.com\/index.php\/wp-json\/wp\/v2\/product_brand?post=98618"},{"taxonomy":"product_cat","embeddable":true,"href":"https:\/\/www.veneciacr.com\/index.php\/wp-json\/wp\/v2\/product_cat?post=98618"},{"taxonomy":"product_tag","embeddable":true,"href":"https:\/\/www.veneciacr.com\/index.php\/wp-json\/wp\/v2\/product_tag?post=98618"}],"curies":[{"name":"wp","href":"https:\/\/api.w.org\/{rel}","templated":true}]}}