{"id":98616,"date":"2026-04-21T02:02:17","date_gmt":"2026-04-21T08:02:17","guid":{"rendered":"https:\/\/www.veneciacr.com\/index.php\/producto\/luxometro-digital-tetlu031-total\/"},"modified":"2026-04-21T02:02:18","modified_gmt":"2026-04-21T08:02:18","slug":"luxometro-digital-tetlu031-total","status":"publish","type":"product","link":"https:\/\/www.veneciacr.com\/index.php\/producto\/luxometro-digital-tetlu031-total\/","title":{"rendered":"LUXOMETRO DIGITAL TETLU031 TOTAL"},"content":{"rendered":"<p>-Mide la intesidad de la luz<\/p>\n<p>-Pantalla LCD<\/p>\n<p>-Rango: 0~200000Lux(0~20000FC)<\/p>\n<p>-Rango de espectro: 320\uff5e730nm<\/p>\n<p>-Resoluci\u00f3n: 1LUX\/1FC<\/p>\n<p>-Precisi\u00f3n: \u00b1(3%+5Lux) (at 2854\u00b0K con l\u00e1mpara incandescente) \u00b1(6%+5Lux)<\/p>\n<p>-Caracter\u00edsticas de desviaci\u00f3n del \u00e1ngulo del coseno: 30\u00b0 (\u00b12%); 60\u00b0 (\u00b16%); 80\u00b0 (\u00b125%)<\/p>\n<p>-Es liviano, compacto, ergon\u00f3mico y f\u00e1cil de usar<\/p>\n","protected":false},"excerpt":{"rendered":"<p>-Mide la intesidad de la luz -Pantalla LCD -Rango: 0~200000Lux(0~20000FC) -Rango de espectro: 320\uff5e730nm -Resoluci\u00f3n: 1LUX\/1FC -Precisi\u00f3n: \u00b1(3%+5Lux) (at 2854\u00b0K<\/p>\n","protected":false},"featured_media":98617,"comment_status":"closed","ping_status":"open","template":"","meta":[],"product_brand":[],"product_cat":[15],"product_tag":[],"class_list":{"0":"post-98616","1":"product","2":"type-product","3":"status-publish","4":"has-post-thumbnail","6":"product_cat-uncategorized","8":"first","9":"instock","10":"purchasable","11":"product-type-simple"},"jetpack_sharing_enabled":true,"_links":{"self":[{"href":"https:\/\/www.veneciacr.com\/index.php\/wp-json\/wp\/v2\/product\/98616","targetHints":{"allow":["GET"]}}],"collection":[{"href":"https:\/\/www.veneciacr.com\/index.php\/wp-json\/wp\/v2\/product"}],"about":[{"href":"https:\/\/www.veneciacr.com\/index.php\/wp-json\/wp\/v2\/types\/product"}],"replies":[{"embeddable":true,"href":"https:\/\/www.veneciacr.com\/index.php\/wp-json\/wp\/v2\/comments?post=98616"}],"wp:featuredmedia":[{"embeddable":true,"href":"https:\/\/www.veneciacr.com\/index.php\/wp-json\/wp\/v2\/media\/98617"}],"wp:attachment":[{"href":"https:\/\/www.veneciacr.com\/index.php\/wp-json\/wp\/v2\/media?parent=98616"}],"wp:term":[{"taxonomy":"product_brand","embeddable":true,"href":"https:\/\/www.veneciacr.com\/index.php\/wp-json\/wp\/v2\/product_brand?post=98616"},{"taxonomy":"product_cat","embeddable":true,"href":"https:\/\/www.veneciacr.com\/index.php\/wp-json\/wp\/v2\/product_cat?post=98616"},{"taxonomy":"product_tag","embeddable":true,"href":"https:\/\/www.veneciacr.com\/index.php\/wp-json\/wp\/v2\/product_tag?post=98616"}],"curies":[{"name":"wp","href":"https:\/\/api.w.org\/{rel}","templated":true}]}}