{"id":98587,"date":"2026-04-21T02:02:20","date_gmt":"2026-04-21T08:02:20","guid":{"rendered":"https:\/\/www.veneciacr.com\/index.php\/producto\/serie-luces-7-3m-sl-7l-voteck\/"},"modified":"2026-04-21T02:02:22","modified_gmt":"2026-04-21T08:02:22","slug":"serie-de-luces-led-7-3m-sl-7l-volteck","status":"publish","type":"product","link":"https:\/\/www.veneciacr.com\/index.php\/producto\/serie-de-luces-led-7-3m-sl-7l-volteck\/","title":{"rendered":"SERIE DE LUCES LED 7.3M SL-7L VOLTECK"},"content":{"rendered":"<p>L\u00e1mparas LED incluidas<\/p>\n<p>Compatibles con l\u00e1mpara S14<\/p>\n<p>Con recept\u00e1culo para conectar otra serie<\/p>\n<p>Cuide que la suma de las l\u00e1mparas no sobrepase los 600 W ya que podr\u00eda da\u00f1ar el producto<\/p>\n<p>Ideal para decorar terrazas, jardines, fachadas y comercios<\/p>\n<div class=\"col-6\">\n<div class=\"table-responsive tabla_border\">\n<table class=\"table table-bordered table_info_prod align-middle m-0\">\n<tbody>\n<tr id=\"tabla_especs\">\n<th class=\"tamanio_th_especs\" scope=\"row\">\n<p class=\"margen_tabla_especs\">Potencia<\/p>\n<\/th>\n<td>\n<p class=\"margen_tabla_especs\">1 W por l\u00e1mpara<\/p>\n<\/td>\n<\/tr>\n<tr id=\"tabla_especs\">\n<th class=\"tamanio_th_especs\" scope=\"row\">\n<p class=\"margen_tabla_especs\">Flujo luminoso<\/p>\n<\/th>\n<td>\n<p class=\"margen_tabla_especs\">60 lm por l\u00e1mpara<\/p>\n<\/td>\n<\/tr>\n<tr id=\"tabla_especs\">\n<th class=\"tamanio_th_especs\" scope=\"row\">\n<p class=\"margen_tabla_especs\">Temperatura de color<\/p>\n<\/th>\n<td>\n<p class=\"margen_tabla_especs\">3,000\u00a0K \/ Luz c\u00e1lida<\/p>\n<\/td>\n<\/tr>\n<tr id=\"tabla_especs\">\n<th class=\"tamanio_th_especs\" scope=\"row\">\n<p class=\"margen_tabla_especs\">Grado IP<\/p>\n<\/th>\n<td>\n<p class=\"margen_tabla_especs\">65 (No aplica para uni\u00f3n entre l\u00e1mpara y base)<\/p>\n<\/td>\n<\/tr>\n<tr id=\"tabla_especs\">\n<th class=\"tamanio_th_especs\" scope=\"row\">\n<p class=\"margen_tabla_especs\">L\u00e1mparas<\/p>\n<\/th>\n<td>\n<p class=\"margen_tabla_especs\">12 + 1 repuesto (incluidas)<\/p>\n<\/td>\n<\/tr>\n<\/tbody>\n<\/table>\n<\/div>\n<\/div>\n<div class=\"col-6\">\n<div class=\"table-responsive tabla_border\">\n<table class=\"table table-bordered table_info_prod align-middle m-0\">\n<tbody>\n<tr id=\"tabla_especs\">\n<th class=\"tamanio_th_especs\" scope=\"row\">\n<p class=\"margen_tabla_especs\">Consumo total<\/p>\n<\/th>\n<td>\n<p class=\"margen_tabla_especs\">12 W<\/p>\n<\/td>\n<\/tr>\n<tr id=\"tabla_especs\">\n<th class=\"tamanio_th_especs\" scope=\"row\">\n<p class=\"margen_tabla_especs\">Tensi\u00f3n \/ Frecuencia<\/p>\n<\/th>\n<td>\n<p class=\"margen_tabla_especs\">127 V \/ 60 Hz<\/p>\n<\/td>\n<\/tr>\n<tr id=\"tabla_especs\">\n<th class=\"tamanio_th_especs\" scope=\"row\">\n<p class=\"margen_tabla_especs\">Tiempo de vida<\/p>\n<\/th>\n<td>\n<p class=\"margen_tabla_especs\">15,000 horas \/ 15 a\u00f1os<\/p>\n<\/td>\n<\/tr>\n<tr id=\"tabla_especs\">\n<th class=\"tamanio_th_especs\" scope=\"row\">\n<p class=\"margen_tabla_especs\">Largo total<\/p>\n<\/th>\n<td>\n<p class=\"margen_tabla_especs\">7.3 m<\/p>\n<\/td>\n<\/tr>\n<tr id=\"tabla_especs\">\n<th class=\"tamanio_th_especs\" scope=\"row\">\n<p class=\"margen_tabla_especs\">Peso sin l\u00e1mparas<\/p>\n<\/th>\n<td>\n<p class=\"margen_tabla_especs\">1.3 kg<\/p>\n<\/td>\n<\/tr>\n<\/tbody>\n<\/table>\n<\/div>\n<\/div>\n","protected":false},"excerpt":{"rendered":"<p>L\u00e1mparas LED incluidas Compatibles con l\u00e1mpara S14 Con recept\u00e1culo para conectar otra serie Cuide que la suma de las l\u00e1mparas<\/p>\n","protected":false},"featured_media":98588,"comment_status":"closed","ping_status":"open","template":"","meta":[],"product_brand":[],"product_cat":[15],"product_tag":[],"class_list":{"0":"post-98587","1":"product","2":"type-product","3":"status-publish","4":"has-post-thumbnail","6":"product_cat-uncategorized","8":"first","9":"instock","10":"purchasable","11":"product-type-simple"},"jetpack_sharing_enabled":true,"_links":{"self":[{"href":"https:\/\/www.veneciacr.com\/index.php\/wp-json\/wp\/v2\/product\/98587","targetHints":{"allow":["GET"]}}],"collection":[{"href":"https:\/\/www.veneciacr.com\/index.php\/wp-json\/wp\/v2\/product"}],"about":[{"href":"https:\/\/www.veneciacr.com\/index.php\/wp-json\/wp\/v2\/types\/product"}],"replies":[{"embeddable":true,"href":"https:\/\/www.veneciacr.com\/index.php\/wp-json\/wp\/v2\/comments?post=98587"}],"wp:featuredmedia":[{"embeddable":true,"href":"https:\/\/www.veneciacr.com\/index.php\/wp-json\/wp\/v2\/media\/98588"}],"wp:attachment":[{"href":"https:\/\/www.veneciacr.com\/index.php\/wp-json\/wp\/v2\/media?parent=98587"}],"wp:term":[{"taxonomy":"product_brand","embeddable":true,"href":"https:\/\/www.veneciacr.com\/index.php\/wp-json\/wp\/v2\/product_brand?post=98587"},{"taxonomy":"product_cat","embeddable":true,"href":"https:\/\/www.veneciacr.com\/index.php\/wp-json\/wp\/v2\/product_cat?post=98587"},{"taxonomy":"product_tag","embeddable":true,"href":"https:\/\/www.veneciacr.com\/index.php\/wp-json\/wp\/v2\/product_tag?post=98587"}],"curies":[{"name":"wp","href":"https:\/\/api.w.org\/{rel}","templated":true}]}}