{"id":98475,"date":"2026-04-21T02:02:26","date_gmt":"2026-04-21T08:02:26","guid":{"rendered":"https:\/\/www.veneciacr.com\/index.php\/producto\/caja-organizadora-6pcs-38x18x32mm-wtb8346-wadfow\/"},"modified":"2026-04-21T02:02:29","modified_gmt":"2026-04-21T08:02:29","slug":"caja-organizadora-6pcs-38x18x32mm-wtb8346-wadfow","status":"publish","type":"product","link":"https:\/\/www.veneciacr.com\/index.php\/producto\/caja-organizadora-6pcs-38x18x32mm-wtb8346-wadfow\/","title":{"rendered":"CAJA ORGANIZADORA 6PCS 38X18X32MM WTB8346 WADFOW"},"content":{"rendered":"<p>-Tama\u00f1o de la estructura: 380 x 182 x 320mm<\/p>\n<p>-Tama\u00f1o caja pl\u00e1stica peque\u00f1a: 180 x 165 x 50mm<\/p>\n<p>-Tama\u00f1o de la caja grande: 32 0x 180 x 50mm<\/p>\n<p>-Puedes interconectar varias unidades: vertical u horizontalmente<\/p>\n<p>-Puede ser colgado en la pared<\/p>\n","protected":false},"excerpt":{"rendered":"<p>-Tama\u00f1o de la estructura: 380 x 182 x 320mm -Tama\u00f1o caja pl\u00e1stica peque\u00f1a: 180 x 165 x 50mm -Tama\u00f1o de<\/p>\n","protected":false},"featured_media":98476,"comment_status":"closed","ping_status":"open","template":"","meta":[],"product_brand":[],"product_cat":[15],"product_tag":[],"class_list":{"0":"post-98475","1":"product","2":"type-product","3":"status-publish","4":"has-post-thumbnail","6":"product_cat-uncategorized","8":"first","9":"instock","10":"purchasable","11":"product-type-simple"},"jetpack_sharing_enabled":true,"_links":{"self":[{"href":"https:\/\/www.veneciacr.com\/index.php\/wp-json\/wp\/v2\/product\/98475","targetHints":{"allow":["GET"]}}],"collection":[{"href":"https:\/\/www.veneciacr.com\/index.php\/wp-json\/wp\/v2\/product"}],"about":[{"href":"https:\/\/www.veneciacr.com\/index.php\/wp-json\/wp\/v2\/types\/product"}],"replies":[{"embeddable":true,"href":"https:\/\/www.veneciacr.com\/index.php\/wp-json\/wp\/v2\/comments?post=98475"}],"wp:featuredmedia":[{"embeddable":true,"href":"https:\/\/www.veneciacr.com\/index.php\/wp-json\/wp\/v2\/media\/98476"}],"wp:attachment":[{"href":"https:\/\/www.veneciacr.com\/index.php\/wp-json\/wp\/v2\/media?parent=98475"}],"wp:term":[{"taxonomy":"product_brand","embeddable":true,"href":"https:\/\/www.veneciacr.com\/index.php\/wp-json\/wp\/v2\/product_brand?post=98475"},{"taxonomy":"product_cat","embeddable":true,"href":"https:\/\/www.veneciacr.com\/index.php\/wp-json\/wp\/v2\/product_cat?post=98475"},{"taxonomy":"product_tag","embeddable":true,"href":"https:\/\/www.veneciacr.com\/index.php\/wp-json\/wp\/v2\/product_tag?post=98475"}],"curies":[{"name":"wp","href":"https:\/\/api.w.org\/{rel}","templated":true}]}}