{"id":98299,"date":"2026-04-21T02:02:54","date_gmt":"2026-04-21T08:02:54","guid":{"rendered":"https:\/\/www.veneciacr.com\/index.php\/producto\/soplete-encendido-electrico-wfg1604-wadfow\/"},"modified":"2026-04-21T02:02:56","modified_gmt":"2026-04-21T08:02:56","slug":"soplete-encendido-electrico-wfg1604-wadfow","status":"publish","type":"product","link":"https:\/\/www.veneciacr.com\/index.php\/producto\/soplete-encendido-electrico-wfg1604-wadfow\/","title":{"rendered":"SOPLETE ENCENDIDO ELECTRICO WFG1604 WADFOW"},"content":{"rendered":"<p>-Tama\u00f1o: 145*71*38mm<br \/>\n-Material: aluminio + aleaci\u00f3n de zinc<br \/>\n-Temperatura de la llama: 1300\u00b0 (ajustable)<br \/>\n-Consumo de gas: 80 g\/h<br \/>\n-Tipo de conexi\u00f3n: pestillo<br \/>\n-M\u00e9todo de encendido: combusti\u00f3n piezoel\u00e9ctrica autom\u00e1tica<br \/>\n-Cuerpo de pl\u00e1stico liviano, solo toma 2 segundos cambiar el tanque de gas<br \/>\n-Tanque de gas no incluido<\/p>\n","protected":false},"excerpt":{"rendered":"<p>-Tama\u00f1o: 145*71*38mm -Material: aluminio + aleaci\u00f3n de zinc -Temperatura de la llama: 1300\u00b0 (ajustable) -Consumo de gas: 80 g\/h -Tipo<\/p>\n","protected":false},"featured_media":98300,"comment_status":"closed","ping_status":"open","template":"","meta":[],"product_brand":[],"product_cat":[15],"product_tag":[],"class_list":{"0":"post-98299","1":"product","2":"type-product","3":"status-publish","4":"has-post-thumbnail","6":"product_cat-uncategorized","8":"first","9":"outofstock","10":"purchasable","11":"product-type-simple"},"jetpack_sharing_enabled":true,"_links":{"self":[{"href":"https:\/\/www.veneciacr.com\/index.php\/wp-json\/wp\/v2\/product\/98299","targetHints":{"allow":["GET"]}}],"collection":[{"href":"https:\/\/www.veneciacr.com\/index.php\/wp-json\/wp\/v2\/product"}],"about":[{"href":"https:\/\/www.veneciacr.com\/index.php\/wp-json\/wp\/v2\/types\/product"}],"replies":[{"embeddable":true,"href":"https:\/\/www.veneciacr.com\/index.php\/wp-json\/wp\/v2\/comments?post=98299"}],"wp:featuredmedia":[{"embeddable":true,"href":"https:\/\/www.veneciacr.com\/index.php\/wp-json\/wp\/v2\/media\/98300"}],"wp:attachment":[{"href":"https:\/\/www.veneciacr.com\/index.php\/wp-json\/wp\/v2\/media?parent=98299"}],"wp:term":[{"taxonomy":"product_brand","embeddable":true,"href":"https:\/\/www.veneciacr.com\/index.php\/wp-json\/wp\/v2\/product_brand?post=98299"},{"taxonomy":"product_cat","embeddable":true,"href":"https:\/\/www.veneciacr.com\/index.php\/wp-json\/wp\/v2\/product_cat?post=98299"},{"taxonomy":"product_tag","embeddable":true,"href":"https:\/\/www.veneciacr.com\/index.php\/wp-json\/wp\/v2\/product_tag?post=98299"}],"curies":[{"name":"wp","href":"https:\/\/api.w.org\/{rel}","templated":true}]}}