{"id":98249,"date":"2026-04-21T02:03:01","date_gmt":"2026-04-21T08:03:01","guid":{"rendered":"https:\/\/www.veneciacr.com\/index.php\/producto\/lampara-emergencia-led-movil-170lm-lae-24d-volteck\/"},"modified":"2026-04-21T02:03:02","modified_gmt":"2026-04-21T08:03:02","slug":"lampara-emergencia-led-movil-170lm-lae-24d-volteck","status":"publish","type":"product","link":"https:\/\/www.veneciacr.com\/index.php\/producto\/lampara-emergencia-led-movil-170lm-lae-24d-volteck\/","title":{"rendered":"LAMPARA EMERGENCIA LED MOVIL 170LM LAE-24D VOLTECK"},"content":{"rendered":"<p>Cuerpo de ABS y pantalla de poliestireno<\/p>\n<p>L\u00e1mparas direccionales para ajustar el \u00e1ngulo de iluminaci\u00f3n horizontal o vertical<\/p>\n<p>2 Intensidades de luz; alta y baja<\/p>\n<p>Enciende autom\u00e1ticamente al fallar la energ\u00eda el\u00e9ctrica<\/p>\n<p>Protecci\u00f3n de sobre carga y descarga que alarga la vida \u00fatil de la bater\u00eda<\/p>\n<div class=\"col-6\">\n<div class=\"table-responsive tabla_border\">\n<table class=\"table table-bordered table_info_prod align-middle m-0\">\n<tbody>\n<tr id=\"tabla_especs\">\n<th class=\"tamanio_th_especs\" scope=\"row\">\n<p class=\"margen_tabla_especs\">Potencia<\/p>\n<\/th>\n<td>\n<p class=\"margen_tabla_especs\">3.5 W<\/p>\n<\/td>\n<\/tr>\n<tr id=\"tabla_especs\">\n<th class=\"tamanio_th_especs\" scope=\"row\">\n<p class=\"margen_tabla_especs\">Tensi\u00f3n<\/p>\n<\/th>\n<td>\n<p class=\"margen_tabla_especs\">120 &#8211; 240 V<\/p>\n<\/td>\n<\/tr>\n<tr id=\"tabla_especs\">\n<th class=\"tamanio_th_especs\" scope=\"row\">\n<p class=\"margen_tabla_especs\">Tiempo de carga<\/p>\n<\/th>\n<td>\n<p class=\"margen_tabla_especs\">24 horas<\/p>\n<\/td>\n<\/tr>\n<tr id=\"tabla_especs\">\n<th class=\"tamanio_th_especs\" scope=\"row\">\n<p class=\"margen_tabla_especs\">Fuente de luz<\/p>\n<\/th>\n<td>\n<p class=\"margen_tabla_especs\">LED x 24<\/p>\n<\/td>\n<\/tr>\n<\/tbody>\n<\/table>\n<\/div>\n<\/div>\n<div class=\"col-6\">\n<div class=\"table-responsive tabla_border\">\n<table class=\"table table-bordered table_info_prod align-middle m-0\">\n<tbody>\n<tr id=\"tabla_especs\">\n<th class=\"tamanio_th_especs\" scope=\"row\">\n<p class=\"margen_tabla_especs\">Flujo luminoso<\/p>\n<\/th>\n<td>\n<p class=\"margen_tabla_especs\">170 lm (alto), 85\u00a0lm (bajo)<\/p>\n<\/td>\n<\/tr>\n<tr id=\"tabla_especs\">\n<th class=\"tamanio_th_especs\" scope=\"row\">\n<p class=\"margen_tabla_especs\">Corriente<\/p>\n<\/th>\n<td>\n<p class=\"margen_tabla_especs\">32 mA &#8211; 16\u00a0mA<\/p>\n<\/td>\n<\/tr>\n<tr id=\"tabla_especs\">\n<th class=\"tamanio_th_especs\" scope=\"row\">\n<p class=\"margen_tabla_especs\">Tiempo de trabajo<\/p>\n<\/th>\n<td>\n<p class=\"margen_tabla_especs\">12 horas (modo alto) 16 horas (modo bajo)<\/p>\n<\/td>\n<\/tr>\n<tr id=\"tabla_especs\">\n<th class=\"tamanio_th_especs\" scope=\"row\">\n<p class=\"margen_tabla_especs\">Medidas (largo x alto x ancho)<\/p>\n<\/th>\n<td>\n<p class=\"margen_tabla_especs\">31 x 14 x 6 cm<\/p>\n<\/td>\n<\/tr>\n<\/tbody>\n<\/table>\n<\/div>\n<\/div>\n","protected":false},"excerpt":{"rendered":"<p>Cuerpo de ABS y pantalla de poliestireno L\u00e1mparas direccionales para ajustar el \u00e1ngulo de iluminaci\u00f3n horizontal o vertical 2 Intensidades<\/p>\n","protected":false},"featured_media":98250,"comment_status":"closed","ping_status":"open","template":"","meta":[],"product_brand":[],"product_cat":[15],"product_tag":[],"class_list":{"0":"post-98249","1":"product","2":"type-product","3":"status-publish","4":"has-post-thumbnail","6":"product_cat-uncategorized","8":"first","9":"outofstock","10":"purchasable","11":"product-type-simple"},"jetpack_sharing_enabled":true,"_links":{"self":[{"href":"https:\/\/www.veneciacr.com\/index.php\/wp-json\/wp\/v2\/product\/98249","targetHints":{"allow":["GET"]}}],"collection":[{"href":"https:\/\/www.veneciacr.com\/index.php\/wp-json\/wp\/v2\/product"}],"about":[{"href":"https:\/\/www.veneciacr.com\/index.php\/wp-json\/wp\/v2\/types\/product"}],"replies":[{"embeddable":true,"href":"https:\/\/www.veneciacr.com\/index.php\/wp-json\/wp\/v2\/comments?post=98249"}],"wp:featuredmedia":[{"embeddable":true,"href":"https:\/\/www.veneciacr.com\/index.php\/wp-json\/wp\/v2\/media\/98250"}],"wp:attachment":[{"href":"https:\/\/www.veneciacr.com\/index.php\/wp-json\/wp\/v2\/media?parent=98249"}],"wp:term":[{"taxonomy":"product_brand","embeddable":true,"href":"https:\/\/www.veneciacr.com\/index.php\/wp-json\/wp\/v2\/product_brand?post=98249"},{"taxonomy":"product_cat","embeddable":true,"href":"https:\/\/www.veneciacr.com\/index.php\/wp-json\/wp\/v2\/product_cat?post=98249"},{"taxonomy":"product_tag","embeddable":true,"href":"https:\/\/www.veneciacr.com\/index.php\/wp-json\/wp\/v2\/product_tag?post=98249"}],"curies":[{"name":"wp","href":"https:\/\/api.w.org\/{rel}","templated":true}]}}