{"id":98100,"date":"2026-04-21T02:03:20","date_gmt":"2026-04-21T08:03:20","guid":{"rendered":"https:\/\/www.veneciacr.com\/index.php\/producto\/cortadora-pelacable-prof-7-5-38053-tolsen\/"},"modified":"2026-04-21T02:03:22","modified_gmt":"2026-04-21T08:03:22","slug":"cortadora-pelacable-prof-7-5-38053-tolsen","status":"publish","type":"product","link":"https:\/\/www.veneciacr.com\/index.php\/producto\/cortadora-pelacable-prof-7-5-38053-tolsen\/","title":{"rendered":"CORTADORA PELACABLE PROF 7.5&#8243; 38053 TOLSEN"},"content":{"rendered":"<p>\u2022 Fabricado en acero CrV<br \/>\n\u2022 Pelacables y cortador ligero que corta con precisi\u00f3n cables de cobre s\u00f3lidos y est\u00e1ndar.<br \/>\n\u2022 Mango de agarre c\u00f3modo que proporciona un gran apalancamiento.<br \/>\n\u2022 Resorte helicoidal que proporciona una r\u00e1pida apertura autom\u00e1tica.<br \/>\n\u2022 Pela y corta cables de 16-8 AWG<br \/>\n\u2022 Presentaci\u00f3n: bl\u00edster<\/p>\n","protected":false},"excerpt":{"rendered":"<p>\u2022 Fabricado en acero CrV \u2022 Pelacables y cortador ligero que corta con precisi\u00f3n cables de cobre s\u00f3lidos y est\u00e1ndar.<\/p>\n","protected":false},"featured_media":98125,"comment_status":"closed","ping_status":"open","template":"","meta":[],"product_brand":[],"product_cat":[15],"product_tag":[],"class_list":{"0":"post-98100","1":"product","2":"type-product","3":"status-publish","4":"has-post-thumbnail","6":"product_cat-uncategorized","8":"first","9":"instock","10":"purchasable","11":"product-type-simple"},"jetpack_sharing_enabled":true,"_links":{"self":[{"href":"https:\/\/www.veneciacr.com\/index.php\/wp-json\/wp\/v2\/product\/98100","targetHints":{"allow":["GET"]}}],"collection":[{"href":"https:\/\/www.veneciacr.com\/index.php\/wp-json\/wp\/v2\/product"}],"about":[{"href":"https:\/\/www.veneciacr.com\/index.php\/wp-json\/wp\/v2\/types\/product"}],"replies":[{"embeddable":true,"href":"https:\/\/www.veneciacr.com\/index.php\/wp-json\/wp\/v2\/comments?post=98100"}],"wp:featuredmedia":[{"embeddable":true,"href":"https:\/\/www.veneciacr.com\/index.php\/wp-json\/wp\/v2\/media\/98125"}],"wp:attachment":[{"href":"https:\/\/www.veneciacr.com\/index.php\/wp-json\/wp\/v2\/media?parent=98100"}],"wp:term":[{"taxonomy":"product_brand","embeddable":true,"href":"https:\/\/www.veneciacr.com\/index.php\/wp-json\/wp\/v2\/product_brand?post=98100"},{"taxonomy":"product_cat","embeddable":true,"href":"https:\/\/www.veneciacr.com\/index.php\/wp-json\/wp\/v2\/product_cat?post=98100"},{"taxonomy":"product_tag","embeddable":true,"href":"https:\/\/www.veneciacr.com\/index.php\/wp-json\/wp\/v2\/product_tag?post=98100"}],"curies":[{"name":"wp","href":"https:\/\/api.w.org\/{rel}","templated":true}]}}