{"id":98096,"date":"2026-04-21T02:03:16","date_gmt":"2026-04-21T08:03:16","guid":{"rendered":"https:\/\/www.veneciacr.com\/index.php\/producto\/set-espatulas-plastica-581012cm-40009-tolsen\/"},"modified":"2026-04-21T02:03:20","modified_gmt":"2026-04-21T08:03:20","slug":"set-espatulas-plastica-581012cm-40009-tolsen","status":"publish","type":"product","link":"https:\/\/www.veneciacr.com\/index.php\/producto\/set-espatulas-plastica-581012cm-40009-tolsen\/","title":{"rendered":"SET ESPATULAS PLASTICA 5,8,10,12CM 40009 TOLSEN"},"content":{"rendered":"<p>\u2022 El nuevo material PP proporciona buena tenacidad, durabilidad y<br \/>\nno da\u00f1a la superficie de trabajo<br \/>\n\u2022 Es adecuado para todo tipo de limpieza de superficies,<br \/>\nconstrucci\u00f3n y trabajos de reparaci\u00f3n de \u00e1reas peque\u00f1as<br \/>\n\u2022 Embalaje: bolsa de pl\u00e1stico con percha de papel<\/p>\n","protected":false},"excerpt":{"rendered":"<p>\u2022 El nuevo material PP proporciona buena tenacidad, durabilidad y no da\u00f1a la superficie de trabajo \u2022 Es adecuado para<\/p>\n","protected":false},"featured_media":98129,"comment_status":"closed","ping_status":"open","template":"","meta":[],"product_brand":[],"product_cat":[15],"product_tag":[],"class_list":{"0":"post-98096","1":"product","2":"type-product","3":"status-publish","4":"has-post-thumbnail","6":"product_cat-uncategorized","8":"first","9":"instock","10":"purchasable","11":"product-type-simple"},"jetpack_sharing_enabled":true,"_links":{"self":[{"href":"https:\/\/www.veneciacr.com\/index.php\/wp-json\/wp\/v2\/product\/98096","targetHints":{"allow":["GET"]}}],"collection":[{"href":"https:\/\/www.veneciacr.com\/index.php\/wp-json\/wp\/v2\/product"}],"about":[{"href":"https:\/\/www.veneciacr.com\/index.php\/wp-json\/wp\/v2\/types\/product"}],"replies":[{"embeddable":true,"href":"https:\/\/www.veneciacr.com\/index.php\/wp-json\/wp\/v2\/comments?post=98096"}],"wp:featuredmedia":[{"embeddable":true,"href":"https:\/\/www.veneciacr.com\/index.php\/wp-json\/wp\/v2\/media\/98129"}],"wp:attachment":[{"href":"https:\/\/www.veneciacr.com\/index.php\/wp-json\/wp\/v2\/media?parent=98096"}],"wp:term":[{"taxonomy":"product_brand","embeddable":true,"href":"https:\/\/www.veneciacr.com\/index.php\/wp-json\/wp\/v2\/product_brand?post=98096"},{"taxonomy":"product_cat","embeddable":true,"href":"https:\/\/www.veneciacr.com\/index.php\/wp-json\/wp\/v2\/product_cat?post=98096"},{"taxonomy":"product_tag","embeddable":true,"href":"https:\/\/www.veneciacr.com\/index.php\/wp-json\/wp\/v2\/product_tag?post=98096"}],"curies":[{"name":"wp","href":"https:\/\/api.w.org\/{rel}","templated":true}]}}