{"id":98095,"date":"2026-05-13T01:54:56","date_gmt":"2026-05-13T07:54:56","guid":{"rendered":"https:\/\/www.veneciacr.com\/index.php\/producto\/remachadora-industrial-13-1-4-43096-tolsen\/"},"modified":"2026-05-13T01:54:57","modified_gmt":"2026-05-13T07:54:57","slug":"remachadora-industrial-13-1-4-43096-tolsen","status":"publish","type":"product","link":"https:\/\/www.veneciacr.com\/index.php\/producto\/remachadora-industrial-13-1-4-43096-tolsen\/","title":{"rendered":"REMACHADORA INDUSTRIAL 13&#8243; 1\/4&#8243; 43096 TOLSEN"},"content":{"rendered":"<p>Resistente<br \/>\nTama\u00f1o: 13\u2033<br \/>\nCuerpo de aleaci\u00f3n de aluminio con recubrimiento en polvo<br \/>\nMango ergon\u00f3mico que ahorra mano de obra con c\u00f3modas empu\u00f1aduras de PVC<br \/>\n5 boquillas reemplazables<br \/>\nRemaches de soporte:<br \/>\nRemache de acero inoxidable: 2,4 mm (3\/32\u2033), 3,2 mm (1\/8\u2033), 4,0 mm (5\/32\u2033), 4,8 mm (3\/16\u2033), 6,4 mm (1\/4\u2033) Remache de hierro<br \/>\n: 2,4 mm (3\/32\u2033), 3,2 mm (1\/8\u2033), 4,0 mm (5\/32\u2033), 4,8 mm (3\/16\u2033), 6,4 mm (1\/4\u2033)<br \/>\nRemache de aluminio: 2,4 mm (3\/32\u2033), 3,2 mm (1\/8\u2033), 4,0 mm (5\/32\u2033), 4,8 mm (3\/16\u2033)<br \/>\nA La botella recolectora incorporada recoge los n\u00facleos gastados por cuestiones de seguridad y f\u00e1cil eliminaci\u00f3n.<br \/>\nEmbalaje: caja de color.<\/p>\n","protected":false},"excerpt":{"rendered":"<p>Resistente Tama\u00f1o: 13\u2033 Cuerpo de aleaci\u00f3n de aluminio con recubrimiento en polvo Mango ergon\u00f3mico que ahorra mano de obra con<\/p>\n","protected":false},"featured_media":98127,"comment_status":"closed","ping_status":"open","template":"","meta":[],"product_brand":[],"product_cat":[15],"product_tag":[],"class_list":{"0":"post-98095","1":"product","2":"type-product","3":"status-publish","4":"has-post-thumbnail","6":"product_cat-uncategorized","8":"first","9":"instock","10":"purchasable","11":"product-type-simple"},"jetpack_sharing_enabled":true,"_links":{"self":[{"href":"https:\/\/www.veneciacr.com\/index.php\/wp-json\/wp\/v2\/product\/98095","targetHints":{"allow":["GET"]}}],"collection":[{"href":"https:\/\/www.veneciacr.com\/index.php\/wp-json\/wp\/v2\/product"}],"about":[{"href":"https:\/\/www.veneciacr.com\/index.php\/wp-json\/wp\/v2\/types\/product"}],"replies":[{"embeddable":true,"href":"https:\/\/www.veneciacr.com\/index.php\/wp-json\/wp\/v2\/comments?post=98095"}],"wp:featuredmedia":[{"embeddable":true,"href":"https:\/\/www.veneciacr.com\/index.php\/wp-json\/wp\/v2\/media\/98127"}],"wp:attachment":[{"href":"https:\/\/www.veneciacr.com\/index.php\/wp-json\/wp\/v2\/media?parent=98095"}],"wp:term":[{"taxonomy":"product_brand","embeddable":true,"href":"https:\/\/www.veneciacr.com\/index.php\/wp-json\/wp\/v2\/product_brand?post=98095"},{"taxonomy":"product_cat","embeddable":true,"href":"https:\/\/www.veneciacr.com\/index.php\/wp-json\/wp\/v2\/product_cat?post=98095"},{"taxonomy":"product_tag","embeddable":true,"href":"https:\/\/www.veneciacr.com\/index.php\/wp-json\/wp\/v2\/product_tag?post=98095"}],"curies":[{"name":"wp","href":"https:\/\/api.w.org\/{rel}","templated":true}]}}