{"id":98084,"date":"2026-04-21T02:03:10","date_gmt":"2026-04-21T08:03:10","guid":{"rendered":"https:\/\/www.veneciacr.com\/index.php\/producto\/barra-magnetica-para-herramientas-18-66028-tolsen\/"},"modified":"2026-04-21T02:03:12","modified_gmt":"2026-04-21T08:03:12","slug":"barra-magnetica-para-herramientas-18-66028-tolsen","status":"publish","type":"product","link":"https:\/\/www.veneciacr.com\/index.php\/producto\/barra-magnetica-para-herramientas-18-66028-tolsen\/","title":{"rendered":"BARRA MAGNETICA PARA HERRAMIENTAS 18&#8243; 66028 TOLSEN"},"content":{"rendered":"<p>\u2022 Utiliza un marco de ABS para conectar dos portaherramientas.<br \/>\n\u2022 Cuenta con un orificio (marco de PP) en cada extremo para fijarlo a la tabla con clavos.<br \/>\n\u2022 Organiza, sujeta y exhibe art\u00edculos de ferreter\u00eda como martillos, llaves inglesas, destornilladores y m\u00e1s.<br \/>\n\u2022 Perfecto para usar en garajes.<br \/>\n\u2022 Embalaje: bl\u00edster doble.<\/p>\n","protected":false},"excerpt":{"rendered":"<p>\u2022 Utiliza un marco de ABS para conectar dos portaherramientas. \u2022 Cuenta con un orificio (marco de PP) en cada<\/p>\n","protected":false},"featured_media":98085,"comment_status":"closed","ping_status":"open","template":"","meta":[],"product_brand":[],"product_cat":[15],"product_tag":[],"class_list":{"0":"post-98084","1":"product","2":"type-product","3":"status-publish","4":"has-post-thumbnail","6":"product_cat-uncategorized","8":"first","9":"outofstock","10":"purchasable","11":"product-type-simple"},"jetpack_sharing_enabled":true,"_links":{"self":[{"href":"https:\/\/www.veneciacr.com\/index.php\/wp-json\/wp\/v2\/product\/98084","targetHints":{"allow":["GET"]}}],"collection":[{"href":"https:\/\/www.veneciacr.com\/index.php\/wp-json\/wp\/v2\/product"}],"about":[{"href":"https:\/\/www.veneciacr.com\/index.php\/wp-json\/wp\/v2\/types\/product"}],"replies":[{"embeddable":true,"href":"https:\/\/www.veneciacr.com\/index.php\/wp-json\/wp\/v2\/comments?post=98084"}],"wp:featuredmedia":[{"embeddable":true,"href":"https:\/\/www.veneciacr.com\/index.php\/wp-json\/wp\/v2\/media\/98085"}],"wp:attachment":[{"href":"https:\/\/www.veneciacr.com\/index.php\/wp-json\/wp\/v2\/media?parent=98084"}],"wp:term":[{"taxonomy":"product_brand","embeddable":true,"href":"https:\/\/www.veneciacr.com\/index.php\/wp-json\/wp\/v2\/product_brand?post=98084"},{"taxonomy":"product_cat","embeddable":true,"href":"https:\/\/www.veneciacr.com\/index.php\/wp-json\/wp\/v2\/product_cat?post=98084"},{"taxonomy":"product_tag","embeddable":true,"href":"https:\/\/www.veneciacr.com\/index.php\/wp-json\/wp\/v2\/product_tag?post=98084"}],"curies":[{"name":"wp","href":"https:\/\/api.w.org\/{rel}","templated":true}]}}