{"id":98025,"date":"2026-04-21T02:03:45","date_gmt":"2026-04-21T08:03:45","guid":{"rendered":"https:\/\/www.veneciacr.com\/index.php\/producto\/llave-ajustable-aluminio-68mm-15303-tolsen\/"},"modified":"2026-04-21T02:03:48","modified_gmt":"2026-04-21T08:03:48","slug":"llave-ajustable-aluminio-68mm-15303-tolsen","status":"publish","type":"product","link":"https:\/\/www.veneciacr.com\/index.php\/producto\/llave-ajustable-aluminio-68mm-15303-tolsen\/","title":{"rendered":"LLAVE AJUSTABLE ALUMINIO 68MM 15303 TOLSEN"},"content":{"rendered":"<p><span>\u2022 Cuerpo de aluminio fundido a presi\u00f3n para no da\u00f1ar las tuercas,<\/span><br \/>\n<span>60% m\u00e1s ligero<\/span><br \/>\n<span>\u2022 Mordazas extremadamente anchas<\/span><br \/>\n<span>\u2022 Par m\u00e1x.: 100 Nm<\/span><br \/>\n<span>\u2022 Ideal para productos sanitarios<\/span><br \/>\n<span>\u2022 Embalaje: bl\u00edster<\/span><\/p>\n<table>\n<tbody>\n<tr>\n<td><span>N\u00daMERO DE STOCK<\/span><\/td>\n<td><span>TAMA\u00d1O<\/span><\/td>\n<td><span>APERTURA M\u00c1XIMA DE MAND\u00cdBULAS<\/span><\/td>\n<td><\/td>\n<\/tr>\n<tr>\n<td><span>15303<\/span><\/td>\n<td><span>205 mm<\/span><\/td>\n<td><span>10-68 mm<\/span><\/td>\n<td><\/td>\n<\/tr>\n<\/tbody>\n<\/table>\n","protected":false},"excerpt":{"rendered":"<p>\u2022 Cuerpo de aluminio fundido a presi\u00f3n para no da\u00f1ar las tuercas, 60% m\u00e1s ligero \u2022 Mordazas extremadamente anchas \u2022<\/p>\n","protected":false},"featured_media":98203,"comment_status":"closed","ping_status":"open","template":"","meta":[],"product_brand":[],"product_cat":[85,23,153],"product_tag":[],"class_list":{"0":"post-98025","1":"product","2":"type-product","3":"status-publish","4":"has-post-thumbnail","6":"product_cat-automotriz","7":"product_cat-herramientas","8":"product_cat-juego-de-cubos","10":"first","11":"instock","12":"purchasable","13":"product-type-simple"},"jetpack_sharing_enabled":true,"_links":{"self":[{"href":"https:\/\/www.veneciacr.com\/index.php\/wp-json\/wp\/v2\/product\/98025","targetHints":{"allow":["GET"]}}],"collection":[{"href":"https:\/\/www.veneciacr.com\/index.php\/wp-json\/wp\/v2\/product"}],"about":[{"href":"https:\/\/www.veneciacr.com\/index.php\/wp-json\/wp\/v2\/types\/product"}],"replies":[{"embeddable":true,"href":"https:\/\/www.veneciacr.com\/index.php\/wp-json\/wp\/v2\/comments?post=98025"}],"wp:featuredmedia":[{"embeddable":true,"href":"https:\/\/www.veneciacr.com\/index.php\/wp-json\/wp\/v2\/media\/98203"}],"wp:attachment":[{"href":"https:\/\/www.veneciacr.com\/index.php\/wp-json\/wp\/v2\/media?parent=98025"}],"wp:term":[{"taxonomy":"product_brand","embeddable":true,"href":"https:\/\/www.veneciacr.com\/index.php\/wp-json\/wp\/v2\/product_brand?post=98025"},{"taxonomy":"product_cat","embeddable":true,"href":"https:\/\/www.veneciacr.com\/index.php\/wp-json\/wp\/v2\/product_cat?post=98025"},{"taxonomy":"product_tag","embeddable":true,"href":"https:\/\/www.veneciacr.com\/index.php\/wp-json\/wp\/v2\/product_tag?post=98025"}],"curies":[{"name":"wp","href":"https:\/\/api.w.org\/{rel}","templated":true}]}}