{"id":98023,"date":"2026-04-21T02:03:45","date_gmt":"2026-04-21T08:03:45","guid":{"rendered":"https:\/\/www.veneciacr.com\/index.php\/producto\/set-llaves-corona-acodada-6-22mm-8pzs-15895-tolsen\/"},"modified":"2026-04-21T02:03:46","modified_gmt":"2026-04-21T08:03:46","slug":"set-llaves-corona-acodada-6-22mm-8pzs-15895-tolsen","status":"publish","type":"product","link":"https:\/\/www.veneciacr.com\/index.php\/producto\/set-llaves-corona-acodada-6-22mm-8pzs-15895-tolsen\/","title":{"rendered":"SET LLAVES CORONA ACODADA 6-22MM 8PZS 15895 TOLSEN"},"content":{"rendered":"<p><span>\u2022 Fabricado seg\u00fan DIN838<\/span><br \/>\n<span>\u2022 Cromado, acabado satinado<\/span><br \/>\n<span>\u2022 Embalaje: bolsa<\/span><\/p>\n<table>\n<tbody>\n<tr>\n<td><span>N\u00daMERO DE STOCK<\/span><\/td>\n<td><span>TAMA\u00d1O<\/span><\/td>\n<td><\/td>\n<\/tr>\n<tr>\n<td><span>15895<\/span><\/td>\n<td><span>6\u00d77, 8\u00d79, 10\u00d711, 12\u00d713, 14\u00d715,<\/span><br \/>\n<span>16\u00d717, 18\u00d719, 20&#215;22 mm<\/span><\/td>\n<td><\/td>\n<\/tr>\n<\/tbody>\n<\/table>\n","protected":false},"excerpt":{"rendered":"<p>\u2022 Fabricado seg\u00fan DIN838 \u2022 Cromado, acabado satinado \u2022 Embalaje: bolsa N\u00daMERO DE STOCK TAMA\u00d1O 15895 6\u00d77, 8\u00d79, 10\u00d711, 12\u00d713,<\/p>\n","protected":false},"featured_media":98217,"comment_status":"closed","ping_status":"open","template":"","meta":[],"product_brand":[],"product_cat":[85,23,153],"product_tag":[],"class_list":{"0":"post-98023","1":"product","2":"type-product","3":"status-publish","4":"has-post-thumbnail","6":"product_cat-automotriz","7":"product_cat-herramientas","8":"product_cat-juego-de-cubos","10":"first","11":"outofstock","12":"purchasable","13":"product-type-simple"},"jetpack_sharing_enabled":true,"_links":{"self":[{"href":"https:\/\/www.veneciacr.com\/index.php\/wp-json\/wp\/v2\/product\/98023","targetHints":{"allow":["GET"]}}],"collection":[{"href":"https:\/\/www.veneciacr.com\/index.php\/wp-json\/wp\/v2\/product"}],"about":[{"href":"https:\/\/www.veneciacr.com\/index.php\/wp-json\/wp\/v2\/types\/product"}],"replies":[{"embeddable":true,"href":"https:\/\/www.veneciacr.com\/index.php\/wp-json\/wp\/v2\/comments?post=98023"}],"wp:featuredmedia":[{"embeddable":true,"href":"https:\/\/www.veneciacr.com\/index.php\/wp-json\/wp\/v2\/media\/98217"}],"wp:attachment":[{"href":"https:\/\/www.veneciacr.com\/index.php\/wp-json\/wp\/v2\/media?parent=98023"}],"wp:term":[{"taxonomy":"product_brand","embeddable":true,"href":"https:\/\/www.veneciacr.com\/index.php\/wp-json\/wp\/v2\/product_brand?post=98023"},{"taxonomy":"product_cat","embeddable":true,"href":"https:\/\/www.veneciacr.com\/index.php\/wp-json\/wp\/v2\/product_cat?post=98023"},{"taxonomy":"product_tag","embeddable":true,"href":"https:\/\/www.veneciacr.com\/index.php\/wp-json\/wp\/v2\/product_tag?post=98023"}],"curies":[{"name":"wp","href":"https:\/\/api.w.org\/{rel}","templated":true}]}}