{"id":97974,"date":"2026-04-30T01:54:36","date_gmt":"2026-04-30T07:54:36","guid":{"rendered":"https:\/\/www.veneciacr.com\/index.php\/producto\/soldadura-mig-0-030-0-8mm-1kg-tewsfc081001-total-no-gas\/"},"modified":"2026-04-30T01:54:36","modified_gmt":"2026-04-30T07:54:36","slug":"soldadura-mig-no-gas-0-030-0-8mm-1kg-tewsfc081001-total","status":"publish","type":"product","link":"https:\/\/www.veneciacr.com\/index.php\/producto\/soldadura-mig-no-gas-0-030-0-8mm-1kg-tewsfc081001-total\/","title":{"rendered":"SOLDADURA MIG NO GAS 0.030&#8243; (0.8MM) 1KG TEWSFC081001 TOTAL"},"content":{"rendered":"<p>\u2013Alambre de soldadura con n\u00facleo fundente.<\/p>\n<p>-Di\u00e1metro: 0,8 mm.<br \/>\n-Material: acero al carbono.<br \/>\n-Aplicaci\u00f3n: Estructura de acero al carbono de soldadura<br \/>\n-Ventaja: menos salpicaduras, arco estable, f\u00e1cil remoci\u00f3n de escoria, buena apariencia del cord\u00f3n.<\/p>\n","protected":false},"excerpt":{"rendered":"<p>\u2013Alambre de soldadura con n\u00facleo fundente. -Di\u00e1metro: 0,8 mm. -Material: acero al carbono. -Aplicaci\u00f3n: Estructura de acero al carbono de<\/p>\n","protected":false},"featured_media":97975,"comment_status":"closed","ping_status":"open","template":"","meta":[],"product_brand":[],"product_cat":[15],"product_tag":[],"class_list":{"0":"post-97974","1":"product","2":"type-product","3":"status-publish","4":"has-post-thumbnail","6":"product_cat-uncategorized","8":"first","9":"instock","10":"purchasable","11":"product-type-simple"},"jetpack_sharing_enabled":true,"_links":{"self":[{"href":"https:\/\/www.veneciacr.com\/index.php\/wp-json\/wp\/v2\/product\/97974","targetHints":{"allow":["GET"]}}],"collection":[{"href":"https:\/\/www.veneciacr.com\/index.php\/wp-json\/wp\/v2\/product"}],"about":[{"href":"https:\/\/www.veneciacr.com\/index.php\/wp-json\/wp\/v2\/types\/product"}],"replies":[{"embeddable":true,"href":"https:\/\/www.veneciacr.com\/index.php\/wp-json\/wp\/v2\/comments?post=97974"}],"wp:featuredmedia":[{"embeddable":true,"href":"https:\/\/www.veneciacr.com\/index.php\/wp-json\/wp\/v2\/media\/97975"}],"wp:attachment":[{"href":"https:\/\/www.veneciacr.com\/index.php\/wp-json\/wp\/v2\/media?parent=97974"}],"wp:term":[{"taxonomy":"product_brand","embeddable":true,"href":"https:\/\/www.veneciacr.com\/index.php\/wp-json\/wp\/v2\/product_brand?post=97974"},{"taxonomy":"product_cat","embeddable":true,"href":"https:\/\/www.veneciacr.com\/index.php\/wp-json\/wp\/v2\/product_cat?post=97974"},{"taxonomy":"product_tag","embeddable":true,"href":"https:\/\/www.veneciacr.com\/index.php\/wp-json\/wp\/v2\/product_tag?post=97974"}],"curies":[{"name":"wp","href":"https:\/\/api.w.org\/{rel}","templated":true}]}}