{"id":97879,"date":"2026-05-13T01:55:00","date_gmt":"2026-05-13T07:55:00","guid":{"rendered":"https:\/\/www.veneciacr.com\/index.php\/producto\/brocha-4-mango-plastico-brt-4-truper\/"},"modified":"2026-05-13T01:55:00","modified_gmt":"2026-05-13T07:55:00","slug":"brocha-4-plastico-brt-4-truper","status":"publish","type":"product","link":"https:\/\/www.veneciacr.com\/index.php\/producto\/brocha-4-plastico-brt-4-truper\/","title":{"rendered":"BROCHA 4&#8243; PLASTICO BRT-4 TRUPER"},"content":{"rendered":"<p>Cerda 100% natural, distribuye la pintura uniformemente y deja un acabado suave<br \/>\nResina ep\u00f3xica que minimiza la ca\u00edda de las cerdas<br \/>\nMango ligero de pl\u00e1stico para un trabajo m\u00e1s c\u00f3modo<br \/>\nMayor cantidad de cerdas que retienen m\u00e1s pintura para un mejor desempe\u00f1o<br \/>\nOrificio en el mango para colgar<\/p>\n<p>ESPECIFICACIONES<br \/>\nAncho: 4&#8243;<br \/>\nLongitud de cerdas expuestas: 51 mm<br \/>\nEspesor de brocha: 16 mm<br \/>\nEmpaque individual: Bolsa<\/p>\n<p>Usos<br \/>\nAplicaci\u00f3n de pintura acr\u00edlica y de aceite<br \/>\nPara acabados finos, libres de rayas<br \/>\nIdeal para aplicaci\u00f3n de pintura acr\u00edlica y de aceite<\/p>\n<p>CUIDADOS<br \/>\nEnjuague las cerdas con el mismo solvente que se utiliz\u00f3 para adelgazar la pintura, despu\u00e9s enjuague en agua caliente<\/p>\n","protected":false},"excerpt":{"rendered":"<p>Cerda 100% natural, distribuye la pintura uniformemente y deja un acabado suave Resina ep\u00f3xica que minimiza la ca\u00edda de las<\/p>\n","protected":false},"featured_media":97880,"comment_status":"closed","ping_status":"open","template":"","meta":[],"product_brand":[],"product_cat":[15],"product_tag":[],"class_list":{"0":"post-97879","1":"product","2":"type-product","3":"status-publish","4":"has-post-thumbnail","6":"product_cat-uncategorized","8":"first","9":"instock","10":"purchasable","11":"product-type-simple"},"jetpack_sharing_enabled":true,"_links":{"self":[{"href":"https:\/\/www.veneciacr.com\/index.php\/wp-json\/wp\/v2\/product\/97879","targetHints":{"allow":["GET"]}}],"collection":[{"href":"https:\/\/www.veneciacr.com\/index.php\/wp-json\/wp\/v2\/product"}],"about":[{"href":"https:\/\/www.veneciacr.com\/index.php\/wp-json\/wp\/v2\/types\/product"}],"replies":[{"embeddable":true,"href":"https:\/\/www.veneciacr.com\/index.php\/wp-json\/wp\/v2\/comments?post=97879"}],"wp:featuredmedia":[{"embeddable":true,"href":"https:\/\/www.veneciacr.com\/index.php\/wp-json\/wp\/v2\/media\/97880"}],"wp:attachment":[{"href":"https:\/\/www.veneciacr.com\/index.php\/wp-json\/wp\/v2\/media?parent=97879"}],"wp:term":[{"taxonomy":"product_brand","embeddable":true,"href":"https:\/\/www.veneciacr.com\/index.php\/wp-json\/wp\/v2\/product_brand?post=97879"},{"taxonomy":"product_cat","embeddable":true,"href":"https:\/\/www.veneciacr.com\/index.php\/wp-json\/wp\/v2\/product_cat?post=97879"},{"taxonomy":"product_tag","embeddable":true,"href":"https:\/\/www.veneciacr.com\/index.php\/wp-json\/wp\/v2\/product_tag?post=97879"}],"curies":[{"name":"wp","href":"https:\/\/api.w.org\/{rel}","templated":true}]}}