{"id":97877,"date":"2026-04-21T02:04:00","date_gmt":"2026-04-21T08:04:00","guid":{"rendered":"https:\/\/www.veneciacr.com\/index.php\/producto\/hidrolavadora-1400w-1900psi-utgt11316-total\/"},"modified":"2026-04-21T02:04:03","modified_gmt":"2026-04-21T08:04:03","slug":"hidrolavadora-1400w-1900psi-utgt11316-total","status":"publish","type":"product","link":"https:\/\/www.veneciacr.com\/index.php\/producto\/hidrolavadora-1400w-1900psi-utgt11316-total\/","title":{"rendered":"HIDROLAVADORA 1400W 1900PSI UTGT11316 TOTAL"},"content":{"rendered":"<p><strong>Producto contra pedido,\u00a0 el tiempo de entrega de este producto es de 2 d\u00edas h\u00e1biles.<\/strong><\/p>\n<p>&nbsp;<\/p>\n<p>-Encendido: Switch giratorio.<\/p>\n<p>Sistema de apagado autom\u00e1tico: Si.<\/p>\n<p>-Flujo m\u00e1ximo: 5.5L\/min.<\/p>\n<p>-Manguera de alta presi\u00f3n de 5 mts de largo.<\/p>\n<p>-Material: Pl\u00e1stico \u2013 metal.<\/p>\n<p>-Fase: Monof\u00e1sico.<\/p>\n<p>-Motor 100% de alambre de cobre, bomba de metal de alta calidad.<\/p>\n<p>-Presi\u00f3n: Presi\u00f3n m\u00e1xima: 130 bar (1900psi).<\/p>\n<p>-Incluye: Pistola de agua y manguera de alta presi\u00f3n de 5 mts.<\/p>\n","protected":false},"excerpt":{"rendered":"<p>Producto contra pedido,\u00a0 el tiempo de entrega de este producto es de 2 d\u00edas h\u00e1biles. &nbsp; -Encendido: Switch giratorio. Sistema<\/p>\n","protected":false},"featured_media":97878,"comment_status":"closed","ping_status":"open","template":"","meta":[],"product_brand":[],"product_cat":[15],"product_tag":[],"class_list":{"0":"post-97877","1":"product","2":"type-product","3":"status-publish","4":"has-post-thumbnail","6":"product_cat-uncategorized","8":"first","9":"instock","10":"purchasable","11":"product-type-simple"},"jetpack_sharing_enabled":true,"_links":{"self":[{"href":"https:\/\/www.veneciacr.com\/index.php\/wp-json\/wp\/v2\/product\/97877","targetHints":{"allow":["GET"]}}],"collection":[{"href":"https:\/\/www.veneciacr.com\/index.php\/wp-json\/wp\/v2\/product"}],"about":[{"href":"https:\/\/www.veneciacr.com\/index.php\/wp-json\/wp\/v2\/types\/product"}],"replies":[{"embeddable":true,"href":"https:\/\/www.veneciacr.com\/index.php\/wp-json\/wp\/v2\/comments?post=97877"}],"wp:featuredmedia":[{"embeddable":true,"href":"https:\/\/www.veneciacr.com\/index.php\/wp-json\/wp\/v2\/media\/97878"}],"wp:attachment":[{"href":"https:\/\/www.veneciacr.com\/index.php\/wp-json\/wp\/v2\/media?parent=97877"}],"wp:term":[{"taxonomy":"product_brand","embeddable":true,"href":"https:\/\/www.veneciacr.com\/index.php\/wp-json\/wp\/v2\/product_brand?post=97877"},{"taxonomy":"product_cat","embeddable":true,"href":"https:\/\/www.veneciacr.com\/index.php\/wp-json\/wp\/v2\/product_cat?post=97877"},{"taxonomy":"product_tag","embeddable":true,"href":"https:\/\/www.veneciacr.com\/index.php\/wp-json\/wp\/v2\/product_tag?post=97877"}],"curies":[{"name":"wp","href":"https:\/\/api.w.org\/{rel}","templated":true}]}}