{"id":975,"date":"2026-04-30T02:19:25","date_gmt":"2026-04-30T08:19:25","guid":{"rendered":"http:\/\/34.83.78.142\/index.php\/product\/empaque-p-manguera-217-3-4-emp-ma10-truper\/"},"modified":"2026-04-30T02:19:25","modified_gmt":"2026-04-30T08:19:25","slug":"empaque-manguera-217-3-4-emp-ma10-truper","status":"publish","type":"product","link":"https:\/\/www.veneciacr.com\/index.php\/producto\/empaque-manguera-217-3-4-emp-ma10-truper\/","title":{"rendered":"EMPAQUE MANGUERA 217-3\/4&#8243; EMP-MA10 TRUPER"},"content":{"rendered":"<div class=\"row body_especs tamanio_text\">\n<div class=\"col-11 especs_margen\">\n<p class=\"lh-2\">Fabricados en PVC<\/p>\n<p class=\"lh-2\">Medida est\u00e1ndar<\/p>\n<\/div>\n<\/div>\n<div class=\"row body_especs_text tamanio_text\">\n<div class=\"col-1 col_list text-center\">Dise\u00f1o c\u00f3nico m\u00e1s resistente<\/div>\n<\/div>\n<p>USOS<br \/>\nPara conexiones de riego y mangueras<\/p>\n<p>Precio por unidad<\/p>\n","protected":false},"excerpt":{"rendered":"<p>Fabricados en PVC Medida est\u00e1ndar Dise\u00f1o c\u00f3nico m\u00e1s resistente USOS Para conexiones de riego y mangueras Precio por unidad<\/p>\n","protected":false},"featured_media":100947,"comment_status":"closed","ping_status":"open","template":"","meta":[],"product_brand":[],"product_cat":[15],"product_tag":[],"class_list":{"0":"post-975","1":"product","2":"type-product","3":"status-publish","4":"has-post-thumbnail","6":"product_cat-uncategorized","8":"first","9":"instock","10":"purchasable","11":"product-type-simple"},"jetpack_sharing_enabled":true,"_links":{"self":[{"href":"https:\/\/www.veneciacr.com\/index.php\/wp-json\/wp\/v2\/product\/975","targetHints":{"allow":["GET"]}}],"collection":[{"href":"https:\/\/www.veneciacr.com\/index.php\/wp-json\/wp\/v2\/product"}],"about":[{"href":"https:\/\/www.veneciacr.com\/index.php\/wp-json\/wp\/v2\/types\/product"}],"replies":[{"embeddable":true,"href":"https:\/\/www.veneciacr.com\/index.php\/wp-json\/wp\/v2\/comments?post=975"}],"wp:featuredmedia":[{"embeddable":true,"href":"https:\/\/www.veneciacr.com\/index.php\/wp-json\/wp\/v2\/media\/100947"}],"wp:attachment":[{"href":"https:\/\/www.veneciacr.com\/index.php\/wp-json\/wp\/v2\/media?parent=975"}],"wp:term":[{"taxonomy":"product_brand","embeddable":true,"href":"https:\/\/www.veneciacr.com\/index.php\/wp-json\/wp\/v2\/product_brand?post=975"},{"taxonomy":"product_cat","embeddable":true,"href":"https:\/\/www.veneciacr.com\/index.php\/wp-json\/wp\/v2\/product_cat?post=975"},{"taxonomy":"product_tag","embeddable":true,"href":"https:\/\/www.veneciacr.com\/index.php\/wp-json\/wp\/v2\/product_tag?post=975"}],"curies":[{"name":"wp","href":"https:\/\/api.w.org\/{rel}","templated":true}]}}