{"id":97398,"date":"2026-04-21T02:06:17","date_gmt":"2026-04-21T08:06:17","guid":{"rendered":"https:\/\/www.veneciacr.com\/index.php\/producto\/soporte-espejo-1-4-4pzs-n260-349-national\/"},"modified":"2026-04-21T02:06:19","modified_gmt":"2026-04-21T08:06:19","slug":"soporte-espejo-1-4-4pzs-n260-349-national","status":"publish","type":"product","link":"https:\/\/www.veneciacr.com\/index.php\/producto\/soporte-espejo-1-4-4pzs-n260-349-national\/","title":{"rendered":"SOPORTE ESPEJO 1\/4&#8243; 4PZS N260-349 NATIONAL"},"content":{"rendered":"<p>El soporte para espejos de National Hardware est\u00e1 dise\u00f1ado para fijar el espejo a las paredes para una sujeci\u00f3n segura.<br \/>\nHecho de pl\u00e1stico para mayor durabilidad.<br \/>\nF\u00e1cil instalaci\u00f3n<br \/>\nPara aplicaciones interiores<br \/>\nCarga de trabajo segura de 35 libras<br \/>\nAnclajes y fijaciones incluidos<\/p>\n","protected":false},"excerpt":{"rendered":"<p>El soporte para espejos de National Hardware est\u00e1 dise\u00f1ado para fijar el espejo a las paredes para una sujeci\u00f3n segura.<\/p>\n","protected":false},"featured_media":97399,"comment_status":"closed","ping_status":"open","template":"","meta":[],"product_brand":[],"product_cat":[15],"product_tag":[],"class_list":{"0":"post-97398","1":"product","2":"type-product","3":"status-publish","4":"has-post-thumbnail","6":"product_cat-uncategorized","8":"first","9":"outofstock","10":"purchasable","11":"product-type-simple"},"jetpack_sharing_enabled":true,"_links":{"self":[{"href":"https:\/\/www.veneciacr.com\/index.php\/wp-json\/wp\/v2\/product\/97398","targetHints":{"allow":["GET"]}}],"collection":[{"href":"https:\/\/www.veneciacr.com\/index.php\/wp-json\/wp\/v2\/product"}],"about":[{"href":"https:\/\/www.veneciacr.com\/index.php\/wp-json\/wp\/v2\/types\/product"}],"replies":[{"embeddable":true,"href":"https:\/\/www.veneciacr.com\/index.php\/wp-json\/wp\/v2\/comments?post=97398"}],"wp:featuredmedia":[{"embeddable":true,"href":"https:\/\/www.veneciacr.com\/index.php\/wp-json\/wp\/v2\/media\/97399"}],"wp:attachment":[{"href":"https:\/\/www.veneciacr.com\/index.php\/wp-json\/wp\/v2\/media?parent=97398"}],"wp:term":[{"taxonomy":"product_brand","embeddable":true,"href":"https:\/\/www.veneciacr.com\/index.php\/wp-json\/wp\/v2\/product_brand?post=97398"},{"taxonomy":"product_cat","embeddable":true,"href":"https:\/\/www.veneciacr.com\/index.php\/wp-json\/wp\/v2\/product_cat?post=97398"},{"taxonomy":"product_tag","embeddable":true,"href":"https:\/\/www.veneciacr.com\/index.php\/wp-json\/wp\/v2\/product_tag?post=97398"}],"curies":[{"name":"wp","href":"https:\/\/api.w.org\/{rel}","templated":true}]}}