{"id":97073,"date":"2026-04-21T02:06:33","date_gmt":"2026-04-21T08:06:33","guid":{"rendered":"https:\/\/www.veneciacr.com\/index.php\/producto\/set-tarraja-y-machos-12pzs-5-10mm-waj1l01-wadfow\/"},"modified":"2026-04-21T02:06:33","modified_gmt":"2026-04-21T08:06:33","slug":"set-tarraja-y-machos-12pzs-5-10mm-waj1l01-wadfow","status":"publish","type":"product","link":"https:\/\/www.veneciacr.com\/index.php\/producto\/set-tarraja-y-machos-12pzs-5-10mm-waj1l01-wadfow\/","title":{"rendered":"SET TARRAJA Y MACHOS 12PZS 5-10MM WAJ1L01 WADFOW"},"content":{"rendered":"<p>12 piezas\/conjunto<br \/>\n5 piezas de machos de roscar: M5\u00d70.8, M6\u00d71.0, M8\u00d71.25, M10\u00d71.5, M12\u00d71.75<br \/>\n5 piezas de terrajas redondas: M5\u00d70.8, M6\u00d71.0, M8\u00d71.25, M10\u00d71.5, M12\u00d71.75<br \/>\n1 pieza de llave de manija para machos de roscar: M3-M12<br \/>\n1 pieza de soporte para terraja redonda: M25<br \/>\nEl soporte de la llave est\u00e1 hecho de aleaci\u00f3n de Zn<br \/>\nEmpacado en caja de pl\u00e1stico<\/p>\n","protected":false},"excerpt":{"rendered":"<p>12 piezas\/conjunto 5 piezas de machos de roscar: M5\u00d70.8, M6\u00d71.0, M8\u00d71.25, M10\u00d71.5, M12\u00d71.75 5 piezas de terrajas redondas: M5\u00d70.8, M6\u00d71.0,<\/p>\n","protected":false},"featured_media":97457,"comment_status":"closed","ping_status":"open","template":"","meta":[],"product_brand":[],"product_cat":[15],"product_tag":[],"class_list":{"0":"post-97073","1":"product","2":"type-product","3":"status-publish","4":"has-post-thumbnail","6":"product_cat-uncategorized","8":"first","9":"instock","10":"purchasable","11":"product-type-simple"},"jetpack_sharing_enabled":true,"_links":{"self":[{"href":"https:\/\/www.veneciacr.com\/index.php\/wp-json\/wp\/v2\/product\/97073","targetHints":{"allow":["GET"]}}],"collection":[{"href":"https:\/\/www.veneciacr.com\/index.php\/wp-json\/wp\/v2\/product"}],"about":[{"href":"https:\/\/www.veneciacr.com\/index.php\/wp-json\/wp\/v2\/types\/product"}],"replies":[{"embeddable":true,"href":"https:\/\/www.veneciacr.com\/index.php\/wp-json\/wp\/v2\/comments?post=97073"}],"wp:featuredmedia":[{"embeddable":true,"href":"https:\/\/www.veneciacr.com\/index.php\/wp-json\/wp\/v2\/media\/97457"}],"wp:attachment":[{"href":"https:\/\/www.veneciacr.com\/index.php\/wp-json\/wp\/v2\/media?parent=97073"}],"wp:term":[{"taxonomy":"product_brand","embeddable":true,"href":"https:\/\/www.veneciacr.com\/index.php\/wp-json\/wp\/v2\/product_brand?post=97073"},{"taxonomy":"product_cat","embeddable":true,"href":"https:\/\/www.veneciacr.com\/index.php\/wp-json\/wp\/v2\/product_cat?post=97073"},{"taxonomy":"product_tag","embeddable":true,"href":"https:\/\/www.veneciacr.com\/index.php\/wp-json\/wp\/v2\/product_tag?post=97073"}],"curies":[{"name":"wp","href":"https:\/\/api.w.org\/{rel}","templated":true}]}}