{"id":97027,"date":"2026-05-09T01:54:34","date_gmt":"2026-05-09T07:54:34","guid":{"rendered":"https:\/\/www.veneciacr.com\/index.php\/producto\/taladro-1-2-810w-utg1081316-total\/"},"modified":"2026-05-09T01:54:35","modified_gmt":"2026-05-09T07:54:35","slug":"taladro-1-2-810w-utg1081316-total","status":"publish","type":"product","link":"https:\/\/www.veneciacr.com\/index.php\/producto\/taladro-1-2-810w-utg1081316-total\/","title":{"rendered":"TALADRO 1\/2&#8243; 810W UTG1081316 TOTAL"},"content":{"rendered":"<p>-\u00bfD\u00f3nde usarlo? Automotriz, dom\u00e9stica\/taller, fabricaci\u00f3n general, construcci\u00f3n.<\/p>\n<p>-Estilo de mango: Ergon\u00f3mico en forma de pistola.<\/p>\n<p>-Mandril: 1\/2\u201d con llave ( funciona con brocas desde 1.5 mm a 13mm).<\/p>\n<p>-Velocidad: Sin carga: 0-3000\/min.<\/p>\n<p>-Velocidad de impacto (BPM): 0-48000\/min.<\/p>\n<p>-2 Velocidades en ambos sentidos.<\/p>\n<p>-Material: Pl\u00e1stico \u2013 metal.<\/p>\n<p>-Encendido: Gatillo.<\/p>\n<p>-Fase: Monof\u00e1sico.<\/p>\n<p>-Motor: Con escobilla.<\/p>\n<p>-Peso (Kg): 2.56k<\/p>\n","protected":false},"excerpt":{"rendered":"<p>-\u00bfD\u00f3nde usarlo? Automotriz, dom\u00e9stica\/taller, fabricaci\u00f3n general, construcci\u00f3n. -Estilo de mango: Ergon\u00f3mico en forma de pistola. -Mandril: 1\/2\u201d con llave (<\/p>\n","protected":false},"featured_media":97031,"comment_status":"closed","ping_status":"open","template":"","meta":[],"product_brand":[],"product_cat":[15],"product_tag":[],"class_list":{"0":"post-97027","1":"product","2":"type-product","3":"status-publish","4":"has-post-thumbnail","6":"product_cat-uncategorized","8":"first","9":"instock","10":"purchasable","11":"product-type-simple"},"jetpack_sharing_enabled":true,"_links":{"self":[{"href":"https:\/\/www.veneciacr.com\/index.php\/wp-json\/wp\/v2\/product\/97027","targetHints":{"allow":["GET"]}}],"collection":[{"href":"https:\/\/www.veneciacr.com\/index.php\/wp-json\/wp\/v2\/product"}],"about":[{"href":"https:\/\/www.veneciacr.com\/index.php\/wp-json\/wp\/v2\/types\/product"}],"replies":[{"embeddable":true,"href":"https:\/\/www.veneciacr.com\/index.php\/wp-json\/wp\/v2\/comments?post=97027"}],"wp:featuredmedia":[{"embeddable":true,"href":"https:\/\/www.veneciacr.com\/index.php\/wp-json\/wp\/v2\/media\/97031"}],"wp:attachment":[{"href":"https:\/\/www.veneciacr.com\/index.php\/wp-json\/wp\/v2\/media?parent=97027"}],"wp:term":[{"taxonomy":"product_brand","embeddable":true,"href":"https:\/\/www.veneciacr.com\/index.php\/wp-json\/wp\/v2\/product_brand?post=97027"},{"taxonomy":"product_cat","embeddable":true,"href":"https:\/\/www.veneciacr.com\/index.php\/wp-json\/wp\/v2\/product_cat?post=97027"},{"taxonomy":"product_tag","embeddable":true,"href":"https:\/\/www.veneciacr.com\/index.php\/wp-json\/wp\/v2\/product_tag?post=97027"}],"curies":[{"name":"wp","href":"https:\/\/api.w.org\/{rel}","templated":true}]}}