{"id":96841,"date":"2026-04-21T02:06:42","date_gmt":"2026-04-21T08:06:42","guid":{"rendered":"https:\/\/www.veneciacr.com\/index.php\/producto\/reflector-led-200w-ref-406l-volteck\/"},"modified":"2026-04-21T02:06:43","modified_gmt":"2026-04-21T08:06:43","slug":"reflector-led-200w-ref-406l-volteck","status":"publish","type":"product","link":"https:\/\/www.veneciacr.com\/index.php\/producto\/reflector-led-200w-ref-406l-volteck\/","title":{"rendered":"REFLECTOR LED 200W REF-406L VOLTECK"},"content":{"rendered":"<p>Consumo 200 W<br \/>\nCuerpo de aluminio y pantalla de vidrio templado resistente a la intemperie<br \/>\nSoporte ajustable<br \/>\nEncendido instant\u00e1neo (proporciona el 100% de brillo al encender)<br \/>\nIdeal para jardines, terrazas, patios, corredores, \u00e1reas p\u00fablicas y de construcci\u00f3n<br \/>\nUltra delgado<br \/>\nTiempo de vida 10,000 h<br \/>\nLEDs tipo SMD<br \/>\nIP 65<br \/>\nIdeal para jardines, terrazas, patios, corredores, \u00e1reas p\u00fablicas y de construcci\u00f3n<\/p>\n<p>NORMA<br \/>\nCumple la norma: NOM-003-SCFI<\/p>\n","protected":false},"excerpt":{"rendered":"<p>Consumo 200 W Cuerpo de aluminio y pantalla de vidrio templado resistente a la intemperie Soporte ajustable Encendido instant\u00e1neo (proporciona<\/p>\n","protected":false},"featured_media":96842,"comment_status":"closed","ping_status":"open","template":"","meta":[],"product_brand":[],"product_cat":[15],"product_tag":[],"class_list":{"0":"post-96841","1":"product","2":"type-product","3":"status-publish","4":"has-post-thumbnail","6":"product_cat-uncategorized","8":"first","9":"instock","10":"purchasable","11":"product-type-simple"},"jetpack_sharing_enabled":true,"_links":{"self":[{"href":"https:\/\/www.veneciacr.com\/index.php\/wp-json\/wp\/v2\/product\/96841","targetHints":{"allow":["GET"]}}],"collection":[{"href":"https:\/\/www.veneciacr.com\/index.php\/wp-json\/wp\/v2\/product"}],"about":[{"href":"https:\/\/www.veneciacr.com\/index.php\/wp-json\/wp\/v2\/types\/product"}],"replies":[{"embeddable":true,"href":"https:\/\/www.veneciacr.com\/index.php\/wp-json\/wp\/v2\/comments?post=96841"}],"wp:featuredmedia":[{"embeddable":true,"href":"https:\/\/www.veneciacr.com\/index.php\/wp-json\/wp\/v2\/media\/96842"}],"wp:attachment":[{"href":"https:\/\/www.veneciacr.com\/index.php\/wp-json\/wp\/v2\/media?parent=96841"}],"wp:term":[{"taxonomy":"product_brand","embeddable":true,"href":"https:\/\/www.veneciacr.com\/index.php\/wp-json\/wp\/v2\/product_brand?post=96841"},{"taxonomy":"product_cat","embeddable":true,"href":"https:\/\/www.veneciacr.com\/index.php\/wp-json\/wp\/v2\/product_cat?post=96841"},{"taxonomy":"product_tag","embeddable":true,"href":"https:\/\/www.veneciacr.com\/index.php\/wp-json\/wp\/v2\/product_tag?post=96841"}],"curies":[{"name":"wp","href":"https:\/\/api.w.org\/{rel}","templated":true}]}}