{"id":96196,"date":"2026-04-24T01:54:39","date_gmt":"2026-04-24T07:54:39","guid":{"rendered":"https:\/\/www.veneciacr.com\/index.php\/producto\/rotomartillo-7-8-inalambrico-20v-2-baterias-5a-utrhli202885-total\/"},"modified":"2026-04-24T01:54:39","modified_gmt":"2026-04-24T07:54:39","slug":"rotomartillo-1-1-8-inalambrico-20v-2-baterias-5a-utrhli202885-total","status":"publish","type":"product","link":"https:\/\/www.veneciacr.com\/index.php\/producto\/rotomartillo-1-1-8-inalambrico-20v-2-baterias-5a-utrhli202885-total\/","title":{"rendered":"ROTOMARTILLO 1-1\/8&#8243; INALAMBRICO 20V 2 BATERIAS 5A UTRHLI202885 TOTAL"},"content":{"rendered":"<p>-Velocidad sin carga: 0-930 rpm<\/p>\n<p>-Tasa de impacto: 0-4400 bpm<\/p>\n<p>-Energ\u00eda de impacto: 4.5J<\/p>\n<p>-Capacidad m\u00e1xima de perforaci\u00f3n: Concreto: 1-1\/8\u2033, Acero: 1\/2\u2033, Madera: 1-1\/2\u2033<\/p>\n<p>-Sistema de mandril SDS plus<\/p>\n<p>-Luz de trabajo LED integrada<\/p>\n<p>Incluye:<\/p>\n<p>-3 Brocas (8, 10, 12 mm)<\/p>\n<p>-1 Cincel<\/p>\n<p>-1 Tubo de grasa<\/p>\n<p>-1 Llave<\/p>\n<p>-2 Bater\u00edas de 5.0 Ah<\/p>\n<p>-1 Cargador<\/p>\n","protected":false},"excerpt":{"rendered":"<p>-Velocidad sin carga: 0-930 rpm -Tasa de impacto: 0-4400 bpm -Energ\u00eda de impacto: 4.5J -Capacidad m\u00e1xima de perforaci\u00f3n: Concreto: 1-1\/8\u2033,<\/p>\n","protected":false},"featured_media":96208,"comment_status":"closed","ping_status":"open","template":"","meta":[],"product_brand":[],"product_cat":[15],"product_tag":[],"class_list":{"0":"post-96196","1":"product","2":"type-product","3":"status-publish","4":"has-post-thumbnail","6":"product_cat-uncategorized","8":"first","9":"instock","10":"purchasable","11":"product-type-simple"},"jetpack_sharing_enabled":true,"_links":{"self":[{"href":"https:\/\/www.veneciacr.com\/index.php\/wp-json\/wp\/v2\/product\/96196","targetHints":{"allow":["GET"]}}],"collection":[{"href":"https:\/\/www.veneciacr.com\/index.php\/wp-json\/wp\/v2\/product"}],"about":[{"href":"https:\/\/www.veneciacr.com\/index.php\/wp-json\/wp\/v2\/types\/product"}],"replies":[{"embeddable":true,"href":"https:\/\/www.veneciacr.com\/index.php\/wp-json\/wp\/v2\/comments?post=96196"}],"wp:featuredmedia":[{"embeddable":true,"href":"https:\/\/www.veneciacr.com\/index.php\/wp-json\/wp\/v2\/media\/96208"}],"wp:attachment":[{"href":"https:\/\/www.veneciacr.com\/index.php\/wp-json\/wp\/v2\/media?parent=96196"}],"wp:term":[{"taxonomy":"product_brand","embeddable":true,"href":"https:\/\/www.veneciacr.com\/index.php\/wp-json\/wp\/v2\/product_brand?post=96196"},{"taxonomy":"product_cat","embeddable":true,"href":"https:\/\/www.veneciacr.com\/index.php\/wp-json\/wp\/v2\/product_cat?post=96196"},{"taxonomy":"product_tag","embeddable":true,"href":"https:\/\/www.veneciacr.com\/index.php\/wp-json\/wp\/v2\/product_tag?post=96196"}],"curies":[{"name":"wp","href":"https:\/\/api.w.org\/{rel}","templated":true}]}}