{"id":96194,"date":"2026-05-12T01:54:44","date_gmt":"2026-05-12T07:54:44","guid":{"rendered":"https:\/\/www.veneciacr.com\/index.php\/producto\/set-cargador-y-bateria-litio-20v-4a-utfbcpk1214-total\/"},"modified":"2026-05-12T01:54:45","modified_gmt":"2026-05-12T07:54:45","slug":"set-cargador-y-1-bat-20v-4a-utfbcpk1012-total","status":"publish","type":"product","link":"https:\/\/www.veneciacr.com\/index.php\/producto\/set-cargador-y-1-bat-20v-4a-utfbcpk1012-total\/","title":{"rendered":"SET CARGADOR Y 1 BAT 20V 4A UTFBCPK1012 TOTAL"},"content":{"rendered":"<p>-Indicador de energ\u00eda de la bater\u00eda con LED<\/p>\n<p>-Bater\u00edas compatibles con m\u00e1s de +360 herramientas de 20V<\/p>\n<p>Incluye:<\/p>\n<p>-1 Bater\u00eda de 4Ah<\/p>\n<p>-1 Cargador 2A<\/p>\n","protected":false},"excerpt":{"rendered":"<p>-Indicador de energ\u00eda de la bater\u00eda con LED -Bater\u00edas compatibles con m\u00e1s de +360 herramientas de 20V Incluye: -1 Bater\u00eda<\/p>\n","protected":false},"featured_media":96195,"comment_status":"closed","ping_status":"open","template":"","meta":[],"product_brand":[],"product_cat":[15],"product_tag":[],"class_list":{"0":"post-96194","1":"product","2":"type-product","3":"status-publish","4":"has-post-thumbnail","6":"product_cat-uncategorized","8":"first","9":"instock","10":"purchasable","11":"product-type-simple"},"jetpack_sharing_enabled":true,"_links":{"self":[{"href":"https:\/\/www.veneciacr.com\/index.php\/wp-json\/wp\/v2\/product\/96194","targetHints":{"allow":["GET"]}}],"collection":[{"href":"https:\/\/www.veneciacr.com\/index.php\/wp-json\/wp\/v2\/product"}],"about":[{"href":"https:\/\/www.veneciacr.com\/index.php\/wp-json\/wp\/v2\/types\/product"}],"replies":[{"embeddable":true,"href":"https:\/\/www.veneciacr.com\/index.php\/wp-json\/wp\/v2\/comments?post=96194"}],"wp:featuredmedia":[{"embeddable":true,"href":"https:\/\/www.veneciacr.com\/index.php\/wp-json\/wp\/v2\/media\/96195"}],"wp:attachment":[{"href":"https:\/\/www.veneciacr.com\/index.php\/wp-json\/wp\/v2\/media?parent=96194"}],"wp:term":[{"taxonomy":"product_brand","embeddable":true,"href":"https:\/\/www.veneciacr.com\/index.php\/wp-json\/wp\/v2\/product_brand?post=96194"},{"taxonomy":"product_cat","embeddable":true,"href":"https:\/\/www.veneciacr.com\/index.php\/wp-json\/wp\/v2\/product_cat?post=96194"},{"taxonomy":"product_tag","embeddable":true,"href":"https:\/\/www.veneciacr.com\/index.php\/wp-json\/wp\/v2\/product_tag?post=96194"}],"curies":[{"name":"wp","href":"https:\/\/api.w.org\/{rel}","templated":true}]}}