{"id":95710,"date":"2026-04-21T02:06:54","date_gmt":"2026-04-21T08:06:54","guid":{"rendered":"https:\/\/www.veneciacr.com\/index.php\/producto\/set-accesorios-pistola-calor-10pzs-tba1011-total\/"},"modified":"2026-04-21T02:06:57","modified_gmt":"2026-04-21T08:06:57","slug":"set-accesorios-pistola-calor-10pzs-tba1011-total","status":"publish","type":"product","link":"https:\/\/www.veneciacr.com\/index.php\/producto\/set-accesorios-pistola-calor-10pzs-tba1011-total\/","title":{"rendered":"SET ACCESORIOS PISTOLA CALOR 10PZS TBA1011 TOTAL"},"content":{"rendered":"<p>Incluye:<\/p>\n<p>1 boquilla de ranura ancha<\/p>\n<p>1 boquilla reflectora<\/p>\n<p>1 boquilla de reducci\u00f3n<\/p>\n<p>1 boquilla de protecci\u00f3n de aislamiento t\u00e9rmico<\/p>\n<p>1 boquilla de soldadura con zapata de soldadura r\u00e1pida<\/p>\n<p>1 boquilla raspadora<\/p>\n<p>1 raspador de mano<\/p>\n<p>3 cuchillas raspadoras diferentes<\/p>\n","protected":false},"excerpt":{"rendered":"<p>Incluye: 1 boquilla de ranura ancha 1 boquilla reflectora 1 boquilla de reducci\u00f3n 1 boquilla de protecci\u00f3n de aislamiento t\u00e9rmico<\/p>\n","protected":false},"featured_media":97453,"comment_status":"closed","ping_status":"open","template":"","meta":[],"product_brand":[],"product_cat":[86,23],"product_tag":[],"class_list":{"0":"post-95710","1":"product","2":"type-product","3":"status-publish","4":"has-post-thumbnail","6":"product_cat-accesorios-para-herramientas-electricas","7":"product_cat-herramientas","9":"first","10":"instock","11":"purchasable","12":"product-type-simple"},"jetpack_sharing_enabled":true,"_links":{"self":[{"href":"https:\/\/www.veneciacr.com\/index.php\/wp-json\/wp\/v2\/product\/95710","targetHints":{"allow":["GET"]}}],"collection":[{"href":"https:\/\/www.veneciacr.com\/index.php\/wp-json\/wp\/v2\/product"}],"about":[{"href":"https:\/\/www.veneciacr.com\/index.php\/wp-json\/wp\/v2\/types\/product"}],"replies":[{"embeddable":true,"href":"https:\/\/www.veneciacr.com\/index.php\/wp-json\/wp\/v2\/comments?post=95710"}],"wp:featuredmedia":[{"embeddable":true,"href":"https:\/\/www.veneciacr.com\/index.php\/wp-json\/wp\/v2\/media\/97453"}],"wp:attachment":[{"href":"https:\/\/www.veneciacr.com\/index.php\/wp-json\/wp\/v2\/media?parent=95710"}],"wp:term":[{"taxonomy":"product_brand","embeddable":true,"href":"https:\/\/www.veneciacr.com\/index.php\/wp-json\/wp\/v2\/product_brand?post=95710"},{"taxonomy":"product_cat","embeddable":true,"href":"https:\/\/www.veneciacr.com\/index.php\/wp-json\/wp\/v2\/product_cat?post=95710"},{"taxonomy":"product_tag","embeddable":true,"href":"https:\/\/www.veneciacr.com\/index.php\/wp-json\/wp\/v2\/product_tag?post=95710"}],"curies":[{"name":"wp","href":"https:\/\/api.w.org\/{rel}","templated":true}]}}