{"id":95104,"date":"2026-04-21T02:07:09","date_gmt":"2026-04-21T08:07:09","guid":{"rendered":"https:\/\/www.veneciacr.com\/index.php\/producto\/spray-limpiador-toma-de-aire-340g-85078-crc\/"},"modified":"2026-04-21T02:07:12","modified_gmt":"2026-04-21T08:07:12","slug":"spray-limpiador-toma-de-aire-340g-85078-crc","status":"publish","type":"product","link":"https:\/\/www.veneciacr.com\/index.php\/producto\/spray-limpiador-toma-de-aire-340g-85078-crc\/","title":{"rendered":"SPRAY LIMPIADOR TOMA DE AIRE 340G 85078 CRC"},"content":{"rendered":"<p>Cuerpo de mariposa y filtro de aire de admisi\u00f3n limpia eficazmente de poder robar las gomas y barnices de los cuerpos del acelerador y Los sistemas de admisi\u00f3n de aire en veh\u00edculos con inyecci\u00f3n de combustible. Cuerpo de mariposa y filtro de aire de admisi\u00f3n mejora el rendimiento, elimina vacilaci\u00f3n y marcha m\u00ednima ruda al lubricar todas las partes m\u00f3viles. Para obtener el m\u00e1ximo rendimiento y el uso del acelerador MPG Body &amp; Air Intake Cleaner-limpia y MAF sensor cada vez que el mantenimiento de su filtro de aire.<\/p>\n","protected":false},"excerpt":{"rendered":"<p>Cuerpo de mariposa y filtro de aire de admisi\u00f3n limpia eficazmente de poder robar las gomas y barnices de los<\/p>\n","protected":false},"featured_media":97425,"comment_status":"closed","ping_status":"open","template":"","meta":[],"product_brand":[],"product_cat":[15],"product_tag":[],"class_list":{"0":"post-95104","1":"product","2":"type-product","3":"status-publish","4":"has-post-thumbnail","6":"product_cat-uncategorized","8":"first","9":"instock","10":"purchasable","11":"product-type-simple"},"jetpack_sharing_enabled":true,"_links":{"self":[{"href":"https:\/\/www.veneciacr.com\/index.php\/wp-json\/wp\/v2\/product\/95104","targetHints":{"allow":["GET"]}}],"collection":[{"href":"https:\/\/www.veneciacr.com\/index.php\/wp-json\/wp\/v2\/product"}],"about":[{"href":"https:\/\/www.veneciacr.com\/index.php\/wp-json\/wp\/v2\/types\/product"}],"replies":[{"embeddable":true,"href":"https:\/\/www.veneciacr.com\/index.php\/wp-json\/wp\/v2\/comments?post=95104"}],"wp:featuredmedia":[{"embeddable":true,"href":"https:\/\/www.veneciacr.com\/index.php\/wp-json\/wp\/v2\/media\/97425"}],"wp:attachment":[{"href":"https:\/\/www.veneciacr.com\/index.php\/wp-json\/wp\/v2\/media?parent=95104"}],"wp:term":[{"taxonomy":"product_brand","embeddable":true,"href":"https:\/\/www.veneciacr.com\/index.php\/wp-json\/wp\/v2\/product_brand?post=95104"},{"taxonomy":"product_cat","embeddable":true,"href":"https:\/\/www.veneciacr.com\/index.php\/wp-json\/wp\/v2\/product_cat?post=95104"},{"taxonomy":"product_tag","embeddable":true,"href":"https:\/\/www.veneciacr.com\/index.php\/wp-json\/wp\/v2\/product_tag?post=95104"}],"curies":[{"name":"wp","href":"https:\/\/api.w.org\/{rel}","templated":true}]}}