{"id":95102,"date":"2026-04-30T01:54:46","date_gmt":"2026-04-30T07:54:46","guid":{"rendered":"https:\/\/www.veneciacr.com\/index.php\/producto\/spray-limpiador-sensor-de-aire-311g-05110-crc\/"},"modified":"2026-04-30T01:54:47","modified_gmt":"2026-04-30T07:54:47","slug":"spray-limpiador-sensor-de-aire-311g-05110-crc","status":"publish","type":"product","link":"https:\/\/www.veneciacr.com\/index.php\/producto\/spray-limpiador-sensor-de-aire-311g-05110-crc\/","title":{"rendered":"SPRAY LIMPIADOR SENSOR DE AIRE 311G 05110 CRC"},"content":{"rendered":"<p>CRC contin\u00faa liderando el mercado creando productos revolucionarios para mejorar el rendimiento y la experiencia de conducci\u00f3n. El Limpiador de Flujo de Aire Masivo CRC fue el primer producto del mercado dise\u00f1ado espec\u00edficamente para limpiar el sensor de flujo de aire masivo (MAF) de su veh\u00edculo, lo que puede aumentar la potencia, optimizar el consumo de combustible y optimizar el rendimiento del motor. Seguro para todas las piezas y pl\u00e1sticos del veh\u00edculo, se seca al instante, elimina la acumulaci\u00f3n de residuos y no deja residuos ni residuos qu\u00edmicos.<\/p>\n<p>Aplicaciones<\/p>\n<p>Sensores de flujo de aire masivo y carcasa<\/p>\n","protected":false},"excerpt":{"rendered":"<p>CRC contin\u00faa liderando el mercado creando productos revolucionarios para mejorar el rendimiento y la experiencia de conducci\u00f3n. El Limpiador de<\/p>\n","protected":false},"featured_media":97424,"comment_status":"closed","ping_status":"open","template":"","meta":[],"product_brand":[],"product_cat":[15],"product_tag":[],"class_list":{"0":"post-95102","1":"product","2":"type-product","3":"status-publish","4":"has-post-thumbnail","6":"product_cat-uncategorized","8":"first","9":"instock","10":"purchasable","11":"product-type-simple"},"jetpack_sharing_enabled":true,"_links":{"self":[{"href":"https:\/\/www.veneciacr.com\/index.php\/wp-json\/wp\/v2\/product\/95102","targetHints":{"allow":["GET"]}}],"collection":[{"href":"https:\/\/www.veneciacr.com\/index.php\/wp-json\/wp\/v2\/product"}],"about":[{"href":"https:\/\/www.veneciacr.com\/index.php\/wp-json\/wp\/v2\/types\/product"}],"replies":[{"embeddable":true,"href":"https:\/\/www.veneciacr.com\/index.php\/wp-json\/wp\/v2\/comments?post=95102"}],"wp:featuredmedia":[{"embeddable":true,"href":"https:\/\/www.veneciacr.com\/index.php\/wp-json\/wp\/v2\/media\/97424"}],"wp:attachment":[{"href":"https:\/\/www.veneciacr.com\/index.php\/wp-json\/wp\/v2\/media?parent=95102"}],"wp:term":[{"taxonomy":"product_brand","embeddable":true,"href":"https:\/\/www.veneciacr.com\/index.php\/wp-json\/wp\/v2\/product_brand?post=95102"},{"taxonomy":"product_cat","embeddable":true,"href":"https:\/\/www.veneciacr.com\/index.php\/wp-json\/wp\/v2\/product_cat?post=95102"},{"taxonomy":"product_tag","embeddable":true,"href":"https:\/\/www.veneciacr.com\/index.php\/wp-json\/wp\/v2\/product_tag?post=95102"}],"curies":[{"name":"wp","href":"https:\/\/api.w.org\/{rel}","templated":true}]}}