{"id":95101,"date":"2026-04-21T02:07:09","date_gmt":"2026-04-21T08:07:09","guid":{"rendered":"https:\/\/www.veneciacr.com\/index.php\/producto\/ducha-inst-thermo-plus-110v-2\/"},"modified":"2026-04-21T02:07:10","modified_gmt":"2026-04-21T08:07:10","slug":"ducha-thermo-plus-110v-5500w","status":"publish","type":"product","link":"https:\/\/www.veneciacr.com\/index.php\/producto\/ducha-thermo-plus-110v-5500w\/","title":{"rendered":"DUCHA THERMO PLUS 110V 5500W"},"content":{"rendered":"<p>La Thermo Plus cuenta con tres tipos de graduaciones seg\u00fan sea el gusto del usuario. El consumo el\u00e9ctrico del calentador va de acuerdo con la posici\u00f3n seleccionada. Cuenta con un sensor de temperatura a la salida del agua este muestra la temperatura de entrega del calentador por medio del display.<\/p>\n<p>Adem\u00e1s de la conexi\u00f3n a tierra para evitar da\u00f1os en el calentador, la Thermo Plus cuenta con un dispositivo ELCB, que detecta corrientes en el orden de los miliamperios para seguridad de las personas que lo utilicen, evitando descargas el\u00e9ctricas.<\/p>\n","protected":false},"excerpt":{"rendered":"<p>La Thermo Plus cuenta con tres tipos de graduaciones seg\u00fan sea el gusto del usuario. El consumo el\u00e9ctrico del calentador<\/p>\n","protected":false},"featured_media":97825,"comment_status":"closed","ping_status":"open","template":"","meta":[],"product_brand":[],"product_cat":[15],"product_tag":[],"class_list":{"0":"post-95101","1":"product","2":"type-product","3":"status-publish","4":"has-post-thumbnail","6":"product_cat-uncategorized","8":"first","9":"instock","10":"purchasable","11":"product-type-simple"},"jetpack_sharing_enabled":true,"_links":{"self":[{"href":"https:\/\/www.veneciacr.com\/index.php\/wp-json\/wp\/v2\/product\/95101","targetHints":{"allow":["GET"]}}],"collection":[{"href":"https:\/\/www.veneciacr.com\/index.php\/wp-json\/wp\/v2\/product"}],"about":[{"href":"https:\/\/www.veneciacr.com\/index.php\/wp-json\/wp\/v2\/types\/product"}],"replies":[{"embeddable":true,"href":"https:\/\/www.veneciacr.com\/index.php\/wp-json\/wp\/v2\/comments?post=95101"}],"wp:featuredmedia":[{"embeddable":true,"href":"https:\/\/www.veneciacr.com\/index.php\/wp-json\/wp\/v2\/media\/97825"}],"wp:attachment":[{"href":"https:\/\/www.veneciacr.com\/index.php\/wp-json\/wp\/v2\/media?parent=95101"}],"wp:term":[{"taxonomy":"product_brand","embeddable":true,"href":"https:\/\/www.veneciacr.com\/index.php\/wp-json\/wp\/v2\/product_brand?post=95101"},{"taxonomy":"product_cat","embeddable":true,"href":"https:\/\/www.veneciacr.com\/index.php\/wp-json\/wp\/v2\/product_cat?post=95101"},{"taxonomy":"product_tag","embeddable":true,"href":"https:\/\/www.veneciacr.com\/index.php\/wp-json\/wp\/v2\/product_tag?post=95101"}],"curies":[{"name":"wp","href":"https:\/\/api.w.org\/{rel}","templated":true}]}}