{"id":95098,"date":"2026-04-26T01:54:42","date_gmt":"2026-04-26T07:54:42","guid":{"rendered":"https:\/\/www.veneciacr.com\/index.php\/producto\/nivel-torpedo-magnetico-9-nt-9-truper\/"},"modified":"2026-04-26T01:54:42","modified_gmt":"2026-04-26T07:54:42","slug":"nivel-torpedo-magnetico-9-nt-9-truper","status":"publish","type":"product","link":"https:\/\/www.veneciacr.com\/index.php\/producto\/nivel-torpedo-magnetico-9-nt-9-truper\/","title":{"rendered":"NIVEL TORPEDO MAGNETICO 9&#8243; NT-9 TRUPER"},"content":{"rendered":"<p>Cuerpo de ABS, con protectores laterales de pl\u00e1stico que absorben el impacto<br \/>\nBase magn\u00e9tica para facilitar el trabajo en supe<br \/>\nAcanalado tipo V para superficies curvas<br \/>\nVentana de lectura superior<br \/>\nGotas resistentes a la abrasi\u00f3n y al impacto<br \/>\nS\u00f3lo TRUPER\u00ae cumple con la norma de tolerancia m\u00e1xima: 1 mm por cada metro<br \/>\nTolerancia 1mm\/m<br \/>\nCuerpo magnetico para facilitar el trabajo en superficies metalicas<\/p>\n<p>NORMA<br \/>\nExcede la norma: &#8220;Industry Standards for Levels&#8221; emitida por Empire Level<\/p>\n<p>ESPECIFICACIONES<br \/>\nLargo: 9&#8243; (23 cm)<br \/>\nN\u00famero de gotas: 3 ( 0\u00b0,45\u00b0y 90\u00b0)<br \/>\nTolerancia: 1 mm\/m<br \/>\nEmpaque individual: Tarjeta<\/p>\n<p>Usos<br \/>\nEn herrer\u00eda, construcci\u00f3n y carpinter\u00eda<\/p>\n","protected":false},"excerpt":{"rendered":"<p>Cuerpo de ABS, con protectores laterales de pl\u00e1stico que absorben el impacto Base magn\u00e9tica para facilitar el trabajo en supe<\/p>\n","protected":false},"featured_media":95099,"comment_status":"closed","ping_status":"open","template":"","meta":[],"product_brand":[],"product_cat":[152,23],"product_tag":[],"class_list":{"0":"post-95098","1":"product","2":"type-product","3":"status-publish","4":"has-post-thumbnail","6":"product_cat-herramienta-manuales","7":"product_cat-herramientas","9":"first","10":"instock","11":"purchasable","12":"product-type-simple"},"jetpack_sharing_enabled":true,"_links":{"self":[{"href":"https:\/\/www.veneciacr.com\/index.php\/wp-json\/wp\/v2\/product\/95098","targetHints":{"allow":["GET"]}}],"collection":[{"href":"https:\/\/www.veneciacr.com\/index.php\/wp-json\/wp\/v2\/product"}],"about":[{"href":"https:\/\/www.veneciacr.com\/index.php\/wp-json\/wp\/v2\/types\/product"}],"replies":[{"embeddable":true,"href":"https:\/\/www.veneciacr.com\/index.php\/wp-json\/wp\/v2\/comments?post=95098"}],"wp:featuredmedia":[{"embeddable":true,"href":"https:\/\/www.veneciacr.com\/index.php\/wp-json\/wp\/v2\/media\/95099"}],"wp:attachment":[{"href":"https:\/\/www.veneciacr.com\/index.php\/wp-json\/wp\/v2\/media?parent=95098"}],"wp:term":[{"taxonomy":"product_brand","embeddable":true,"href":"https:\/\/www.veneciacr.com\/index.php\/wp-json\/wp\/v2\/product_brand?post=95098"},{"taxonomy":"product_cat","embeddable":true,"href":"https:\/\/www.veneciacr.com\/index.php\/wp-json\/wp\/v2\/product_cat?post=95098"},{"taxonomy":"product_tag","embeddable":true,"href":"https:\/\/www.veneciacr.com\/index.php\/wp-json\/wp\/v2\/product_tag?post=95098"}],"curies":[{"name":"wp","href":"https:\/\/api.w.org\/{rel}","templated":true}]}}