{"id":95050,"date":"2026-05-01T01:56:03","date_gmt":"2026-05-01T07:56:03","guid":{"rendered":"https:\/\/www.veneciacr.com\/index.php\/producto\/unidad-bateria-alcalina-aa-al-aa-d-volteck\/"},"modified":"2026-05-01T01:56:04","modified_gmt":"2026-05-01T07:56:04","slug":"unidad-bateria-alcalina-aa-al-aa-d-volteck","status":"publish","type":"product","link":"https:\/\/www.veneciacr.com\/index.php\/producto\/unidad-bateria-alcalina-aa-al-aa-d-volteck\/","title":{"rendered":"UNIDAD BATERIA ALCALINA AA AL-AA-D VOLTECK"},"content":{"rendered":"<p>Misma duraci\u00f3n que las marcas m\u00e1s reconocidas<br \/>\nNo contienen mercurio ni cadmio<br \/>\nPara dispositivos con un mayor consumo de energ\u00eda<br \/>\nLas pilas alcalinas son de mayor duraci\u00f3n que las normales y menos perjudiciales para el medio ambiente<\/p>\n<p>Especificaciones<br \/>\nTipo AA Alcalina<br \/>\nGeometr\u00eda de la pila Cil\u00edndrica<br \/>\nVoltaje 1.5 V<br \/>\nDuraci\u00f3n m\u00ednima promedio 400 minutos<br \/>\nEmpaque individual Tarjeta despachadora con 16 piezas<\/p>\n","protected":false},"excerpt":{"rendered":"<p>Misma duraci\u00f3n que las marcas m\u00e1s reconocidas No contienen mercurio ni cadmio Para dispositivos con un mayor consumo de energ\u00eda<\/p>\n","protected":false},"featured_media":101324,"comment_status":"closed","ping_status":"open","template":"","meta":[],"product_brand":[],"product_cat":[15],"product_tag":[],"class_list":{"0":"post-95050","1":"product","2":"type-product","3":"status-publish","4":"has-post-thumbnail","6":"product_cat-uncategorized","8":"first","9":"instock","10":"purchasable","11":"product-type-simple"},"jetpack_sharing_enabled":true,"_links":{"self":[{"href":"https:\/\/www.veneciacr.com\/index.php\/wp-json\/wp\/v2\/product\/95050","targetHints":{"allow":["GET"]}}],"collection":[{"href":"https:\/\/www.veneciacr.com\/index.php\/wp-json\/wp\/v2\/product"}],"about":[{"href":"https:\/\/www.veneciacr.com\/index.php\/wp-json\/wp\/v2\/types\/product"}],"replies":[{"embeddable":true,"href":"https:\/\/www.veneciacr.com\/index.php\/wp-json\/wp\/v2\/comments?post=95050"}],"wp:featuredmedia":[{"embeddable":true,"href":"https:\/\/www.veneciacr.com\/index.php\/wp-json\/wp\/v2\/media\/101324"}],"wp:attachment":[{"href":"https:\/\/www.veneciacr.com\/index.php\/wp-json\/wp\/v2\/media?parent=95050"}],"wp:term":[{"taxonomy":"product_brand","embeddable":true,"href":"https:\/\/www.veneciacr.com\/index.php\/wp-json\/wp\/v2\/product_brand?post=95050"},{"taxonomy":"product_cat","embeddable":true,"href":"https:\/\/www.veneciacr.com\/index.php\/wp-json\/wp\/v2\/product_cat?post=95050"},{"taxonomy":"product_tag","embeddable":true,"href":"https:\/\/www.veneciacr.com\/index.php\/wp-json\/wp\/v2\/product_tag?post=95050"}],"curies":[{"name":"wp","href":"https:\/\/api.w.org\/{rel}","templated":true}]}}