{"id":95036,"date":"2026-04-21T02:11:26","date_gmt":"2026-04-21T08:11:26","guid":{"rendered":"https:\/\/www.veneciacr.com\/index.php\/producto\/spray-lubricante-freno-elimina-ruido-255g-80077-permatex\/"},"modified":"2026-04-21T02:11:28","modified_gmt":"2026-04-21T08:11:28","slug":"spray-lubricante-freno-elimina-ruido-255g-80077-permatex","status":"publish","type":"product","link":"https:\/\/www.veneciacr.com\/index.php\/producto\/spray-lubricante-freno-elimina-ruido-255g-80077-permatex\/","title":{"rendered":"SPRAY LUBRICANTE FRENO ELIMINA RUIDO 255G 80077 PERMATEX"},"content":{"rendered":"<div class=\"elementor-element elementor-element-f6cf31c elementor-widget elementor-widget-text-editor\" data-id=\"f6cf31c\" data-element_type=\"widget\" data-widget_type=\"text-editor.default\">\n<div class=\"elementor-widget-container\"><span>Permatex Disc Brake Quiet detiene el chirrido de los frenos al amortiguar la vibraci\u00f3n en la interfaz de la pinza y la pastilla de freno, y proporciona un ajuste m\u00e1s firme y permite un desmontaje m\u00e1s sencillo. Protege contra la corrosi\u00f3n. Permatex Disc Brake Quiet es compatible con el sistema de frenos antibloqueo y contiene un pol\u00edmero elastom\u00e9rico para usar con pastillas de freno que no tienen calzas antichirridos.<\/span><\/div>\n<\/div>\n<div class=\"elementor-element elementor-element-bec1584 elementor-widget elementor-widget-heading\" data-id=\"bec1584\" data-element_type=\"widget\" data-widget_type=\"heading.default\">\n<div class=\"elementor-widget-container\">\n<h5 class=\"elementor-heading-title elementor-size-default\"><span>Caracter\u00edsticas<\/span><\/h5>\n<\/div>\n<\/div>\n<div class=\"elementor-element elementor-element-c0a906d features elementor-widget elementor-widget-jet-listing-dynamic-field\" data-id=\"c0a906d\" data-element_type=\"widget\" data-widget_type=\"jet-listing-dynamic-field.default\">\n<div class=\"elementor-widget-container\">\n<div class=\"jet-listing jet-listing-dynamic-field display-inline\">\n<div class=\"jet-listing-dynamic-field__inline-wrap\">\n<p class=\"jet-listing-dynamic-field__content\"><span class=\"features-number\"><span>1<\/span><\/span><span class=\"feature-content\"><span>Detiene el chirrido de los frenos al amortiguar la vibraci\u00f3n en la interfaz de la pinza y la pastilla de freno.<\/span><\/span><\/p>\n<\/div>\n<\/div>\n<\/div>\n<\/div>\n<div class=\"elementor-element elementor-element-4a27ce6 features elementor-widget elementor-widget-jet-listing-dynamic-field\" data-id=\"4a27ce6\" data-element_type=\"widget\" data-widget_type=\"jet-listing-dynamic-field.default\">\n<div class=\"elementor-widget-container\">\n<div class=\"jet-listing jet-listing-dynamic-field display-inline\">\n<div class=\"jet-listing-dynamic-field__inline-wrap\">\n<p class=\"jet-listing-dynamic-field__content\"><span class=\"features-number\"><span>2<\/span><\/span><span class=\"feature-content\"><span>Protege contra la corrosi\u00f3n.<\/span><\/span><\/p>\n<\/div>\n<\/div>\n<\/div>\n<\/div>\n<div class=\"elementor-element elementor-element-1391fe2 features elementor-widget elementor-widget-jet-listing-dynamic-field\" data-id=\"1391fe2\" data-element_type=\"widget\" data-widget_type=\"jet-listing-dynamic-field.default\">\n<div class=\"elementor-widget-container\">\n<div class=\"jet-listing jet-listing-dynamic-field display-inline\">\n<div class=\"jet-listing-dynamic-field__inline-wrap\">\n<p class=\"jet-listing-dynamic-field__content\"><span class=\"features-number\"><span>3<\/span><\/span><span class=\"feature-content\"><span>Compatible con sistemas de frenos antibloqueo<\/span><\/span><\/p>\n<\/div>\n<\/div>\n<\/div>\n<\/div>\n<div class=\"elementor-element elementor-element-39df627 features elementor-widget elementor-widget-jet-listing-dynamic-field\" data-id=\"39df627\" data-element_type=\"widget\" data-widget_type=\"jet-listing-dynamic-field.default\">\n<div class=\"elementor-widget-container\">\n<div class=\"jet-listing jet-listing-dynamic-field display-inline\">\n<div class=\"jet-listing-dynamic-field__inline-wrap\">\n<p class=\"jet-listing-dynamic-field__content\"><span class=\"features-number\"><span>4<\/span><\/span><span class=\"feature-content\"><span>Proporciona un ajuste m\u00e1s ce\u00f1ido y permite un desmontaje m\u00e1s sencillo.<\/span><\/span><\/p>\n<\/div>\n<\/div>\n<\/div>\n<\/div>\n<div class=\"elementor-element elementor-element-6d58195 features elementor-widget elementor-widget-jet-listing-dynamic-field\" data-id=\"6d58195\" data-element_type=\"widget\" data-widget_type=\"jet-listing-dynamic-field.default\">\n<div class=\"elementor-widget-container\">\n<div class=\"jet-listing jet-listing-dynamic-field display-inline\">\n<div class=\"jet-listing-dynamic-field__inline-wrap\">\n<p class=\"jet-listing-dynamic-field__content\"><span class=\"features-number\"><span>5<\/span><\/span><span class=\"feature-content\"><span>Contiene un pol\u00edmero elastom\u00e9rico para usar con pastillas de freno que no tengan calzas antichirridos.<\/span><\/span><\/p>\n<\/div>\n<\/div>\n<\/div>\n<\/div>\n","protected":false},"excerpt":{"rendered":"<p>Permatex Disc Brake Quiet detiene el chirrido de los frenos al amortiguar la vibraci\u00f3n en la interfaz de la pinza<\/p>\n","protected":false},"featured_media":95037,"comment_status":"closed","ping_status":"open","template":"","meta":[],"product_brand":[],"product_cat":[15],"product_tag":[],"class_list":{"0":"post-95036","1":"product","2":"type-product","3":"status-publish","4":"has-post-thumbnail","6":"product_cat-uncategorized","8":"first","9":"instock","10":"purchasable","11":"product-type-simple"},"jetpack_sharing_enabled":true,"_links":{"self":[{"href":"https:\/\/www.veneciacr.com\/index.php\/wp-json\/wp\/v2\/product\/95036","targetHints":{"allow":["GET"]}}],"collection":[{"href":"https:\/\/www.veneciacr.com\/index.php\/wp-json\/wp\/v2\/product"}],"about":[{"href":"https:\/\/www.veneciacr.com\/index.php\/wp-json\/wp\/v2\/types\/product"}],"replies":[{"embeddable":true,"href":"https:\/\/www.veneciacr.com\/index.php\/wp-json\/wp\/v2\/comments?post=95036"}],"wp:featuredmedia":[{"embeddable":true,"href":"https:\/\/www.veneciacr.com\/index.php\/wp-json\/wp\/v2\/media\/95037"}],"wp:attachment":[{"href":"https:\/\/www.veneciacr.com\/index.php\/wp-json\/wp\/v2\/media?parent=95036"}],"wp:term":[{"taxonomy":"product_brand","embeddable":true,"href":"https:\/\/www.veneciacr.com\/index.php\/wp-json\/wp\/v2\/product_brand?post=95036"},{"taxonomy":"product_cat","embeddable":true,"href":"https:\/\/www.veneciacr.com\/index.php\/wp-json\/wp\/v2\/product_cat?post=95036"},{"taxonomy":"product_tag","embeddable":true,"href":"https:\/\/www.veneciacr.com\/index.php\/wp-json\/wp\/v2\/product_tag?post=95036"}],"curies":[{"name":"wp","href":"https:\/\/api.w.org\/{rel}","templated":true}]}}