{"id":95003,"date":"2026-04-21T02:07:16","date_gmt":"2026-04-21T08:07:16","guid":{"rendered":"https:\/\/www.veneciacr.com\/index.php\/producto\/enchufe-50a-220v-l-42-2p-3w42-eagle\/"},"modified":"2026-04-21T02:07:17","modified_gmt":"2026-04-21T08:07:17","slug":"enchufe-50a-220v-l-42-2p-3w42-eagle","status":"publish","type":"product","link":"https:\/\/www.veneciacr.com\/index.php\/producto\/enchufe-50a-220v-l-42-2p-3w42-eagle\/","title":{"rendered":"ENCHUFE 50A 220V L 42 2P-3W42 EAGLE"},"content":{"rendered":"<div class=\"StyleWrapper_wrapper \">\n<div class=\"Details_description\">\n<div id=\"description_i8g8c3zru\" class=\"fr-view\">El Enchufe 42 de EAGLE es la elecci\u00f3n ideal para aplicaciones comerciales que requieren una conexi\u00f3n el\u00e9ctrica robusta y confiable. Este enchufe cuenta con una construcci\u00f3n de alta resistencia mec\u00e1nica y un dise\u00f1o compacto que cumple con las especificaciones de rendimiento del grado comercial. Incluye una patilla intercambiable en forma de &#8220;L&#8221; para una conexi\u00f3n de 30 amperios y un sistema que facilita el cableado. Con certificaciones NOM-ANCE y UL, este enchufe es la soluci\u00f3n confiable para tus necesidades comerciales.<\/div>\n<\/div>\n<\/div>\n<div class=\"StyleWrapper_wrapper \">\n<h2>Especificaciones<\/h2>\n<div id=\"ML_mainId\">\n<table>\n<tbody>\n<tr>\n<td>Grado Comercial:<\/td>\n<td align=\"left\">S\u00ed<\/td>\n<td><\/td>\n<td>Material de los Contactos:<\/td>\n<td align=\"left\">Bronce<\/td>\n<\/tr>\n<tr>\n<td>Certificaciones:<\/td>\n<td align=\"left\">NOM-ANCE 201401C08481, UL E15012<\/td>\n<td><\/td>\n<td>Conexi\u00f3n:<\/td>\n<td align=\"left\">2 Polos, 3 Hilos<\/td>\n<\/tr>\n<tr>\n<td><\/td>\n<td align=\"left\"><\/td>\n<td><\/td>\n<td>Material del Cuerpo:<\/td>\n<td align=\"left\">Termoestable<\/td>\n<\/tr>\n<tr>\n<td>Cableado:<\/td>\n<td align=\"left\">Cable #10 &#8211; #4 AWG de Cobre o Aluminio<\/td>\n<td><\/td>\n<td>Tornillos:<\/td>\n<td align=\"left\">Con Ranuras Planas y Phillips de Cabeza Grande<\/td>\n<\/tr>\n<tr>\n<td>Corriente:<\/td>\n<td align=\"left\">30A (con patilla de 30A) \/ 50A (con patilla de 50A)<\/td>\n<td><\/td>\n<td>Tensi\u00f3n:<\/td>\n<td align=\"left\">250V~ 60 Hz<\/td>\n<\/tr>\n<\/tbody>\n<\/table>\n<\/div>\n<\/div>\n","protected":false},"excerpt":{"rendered":"<p>El Enchufe 42 de EAGLE es la elecci\u00f3n ideal para aplicaciones comerciales que requieren una conexi\u00f3n el\u00e9ctrica robusta y confiable.<\/p>\n","protected":false},"featured_media":95005,"comment_status":"closed","ping_status":"open","template":"","meta":[],"product_brand":[],"product_cat":[15],"product_tag":[],"class_list":{"0":"post-95003","1":"product","2":"type-product","3":"status-publish","4":"has-post-thumbnail","6":"product_cat-uncategorized","8":"first","9":"instock","10":"purchasable","11":"product-type-simple"},"jetpack_sharing_enabled":true,"_links":{"self":[{"href":"https:\/\/www.veneciacr.com\/index.php\/wp-json\/wp\/v2\/product\/95003","targetHints":{"allow":["GET"]}}],"collection":[{"href":"https:\/\/www.veneciacr.com\/index.php\/wp-json\/wp\/v2\/product"}],"about":[{"href":"https:\/\/www.veneciacr.com\/index.php\/wp-json\/wp\/v2\/types\/product"}],"replies":[{"embeddable":true,"href":"https:\/\/www.veneciacr.com\/index.php\/wp-json\/wp\/v2\/comments?post=95003"}],"wp:featuredmedia":[{"embeddable":true,"href":"https:\/\/www.veneciacr.com\/index.php\/wp-json\/wp\/v2\/media\/95005"}],"wp:attachment":[{"href":"https:\/\/www.veneciacr.com\/index.php\/wp-json\/wp\/v2\/media?parent=95003"}],"wp:term":[{"taxonomy":"product_brand","embeddable":true,"href":"https:\/\/www.veneciacr.com\/index.php\/wp-json\/wp\/v2\/product_brand?post=95003"},{"taxonomy":"product_cat","embeddable":true,"href":"https:\/\/www.veneciacr.com\/index.php\/wp-json\/wp\/v2\/product_cat?post=95003"},{"taxonomy":"product_tag","embeddable":true,"href":"https:\/\/www.veneciacr.com\/index.php\/wp-json\/wp\/v2\/product_tag?post=95003"}],"curies":[{"name":"wp","href":"https:\/\/api.w.org\/{rel}","templated":true}]}}