{"id":94974,"date":"2026-04-21T02:07:22","date_gmt":"2026-04-21T08:07:22","guid":{"rendered":"https:\/\/www.veneciacr.com\/index.php\/producto\/maletin-para-herramientas-16-wtg3116-wadfow\/"},"modified":"2026-04-21T02:07:22","modified_gmt":"2026-04-21T08:07:22","slug":"maletin-para-herramientas-16-wtg3116-wadfow","status":"publish","type":"product","link":"https:\/\/www.veneciacr.com\/index.php\/producto\/maletin-para-herramientas-16-wtg3116-wadfow\/","title":{"rendered":"MALETIN PARA HERRAMIENTAS 16&#8243; WTG3116 WADFOW"},"content":{"rendered":"<p>MALETIN PARA HERRAMIENTAS 16&#8243; WTG3116 WADFOW<\/p>\n<p>-Tama\u00f1o: 16&#8243;&#8221;<\/p>\n<p>-Material: Poli\u00e9ster 600D<\/p>\n<p>-Carga M\u00e1xima: 12Kg<\/p>\n<p>-Marco R\u00edgido Para Una F\u00e1cil Apertura.<\/p>\n<p>-Con 3 Bolsillos Exteriores.<\/p>\n<p>-Embalado Por Tarjeta De Papel.<\/p>\n","protected":false},"excerpt":{"rendered":"<p>MALETIN PARA HERRAMIENTAS 16&#8243; WTG3116 WADFOW -Tama\u00f1o: 16&#8243;&#8221; -Material: Poli\u00e9ster 600D -Carga M\u00e1xima: 12Kg -Marco R\u00edgido Para Una F\u00e1cil Apertura.<\/p>\n","protected":false},"featured_media":94975,"comment_status":"closed","ping_status":"open","template":"","meta":[],"product_brand":[],"product_cat":[22,23],"product_tag":[],"class_list":{"0":"post-94974","1":"product","2":"type-product","3":"status-publish","4":"has-post-thumbnail","6":"product_cat-almacenamiento","7":"product_cat-herramientas","9":"first","10":"instock","11":"purchasable","12":"product-type-simple"},"jetpack_sharing_enabled":true,"_links":{"self":[{"href":"https:\/\/www.veneciacr.com\/index.php\/wp-json\/wp\/v2\/product\/94974","targetHints":{"allow":["GET"]}}],"collection":[{"href":"https:\/\/www.veneciacr.com\/index.php\/wp-json\/wp\/v2\/product"}],"about":[{"href":"https:\/\/www.veneciacr.com\/index.php\/wp-json\/wp\/v2\/types\/product"}],"replies":[{"embeddable":true,"href":"https:\/\/www.veneciacr.com\/index.php\/wp-json\/wp\/v2\/comments?post=94974"}],"wp:featuredmedia":[{"embeddable":true,"href":"https:\/\/www.veneciacr.com\/index.php\/wp-json\/wp\/v2\/media\/94975"}],"wp:attachment":[{"href":"https:\/\/www.veneciacr.com\/index.php\/wp-json\/wp\/v2\/media?parent=94974"}],"wp:term":[{"taxonomy":"product_brand","embeddable":true,"href":"https:\/\/www.veneciacr.com\/index.php\/wp-json\/wp\/v2\/product_brand?post=94974"},{"taxonomy":"product_cat","embeddable":true,"href":"https:\/\/www.veneciacr.com\/index.php\/wp-json\/wp\/v2\/product_cat?post=94974"},{"taxonomy":"product_tag","embeddable":true,"href":"https:\/\/www.veneciacr.com\/index.php\/wp-json\/wp\/v2\/product_tag?post=94974"}],"curies":[{"name":"wp","href":"https:\/\/api.w.org\/{rel}","templated":true}]}}