{"id":94972,"date":"2026-04-21T02:07:19","date_gmt":"2026-04-21T08:07:19","guid":{"rendered":"https:\/\/www.veneciacr.com\/index.php\/producto\/maletin-abierto-para-herramientas-16-wtg3116-wadfow\/"},"modified":"2026-04-21T02:07:22","modified_gmt":"2026-04-21T08:07:22","slug":"maletin-abierto-para-herramientas-16-wtg5101-wadfow","status":"publish","type":"product","link":"https:\/\/www.veneciacr.com\/index.php\/producto\/maletin-abierto-para-herramientas-16-wtg5101-wadfow\/","title":{"rendered":"MALETIN ABIERTO PARA HERRAMIENTAS 16&#8243; WTG5101 WADFOW"},"content":{"rendered":"<div class=\"product-include-container\">\n<div class=\"container flex\">\n<div class=\"product-include\">\n<p><span>Marco r\u00edgido para f\u00e1cil apertura.<\/span><\/p>\n<p><span>Con 3 bolsillos exteriores<\/span><\/p>\n<\/div>\n<\/div>\n<\/div>\n<div class=\"product-specifications-container\">\n<div class=\"container flex\">\n<table class=\"product-detail-table\">\n<tbody>\n<tr>\n<td><span>Modelo n.\u00ba<\/span><\/td>\n<td><span>WTG3116<\/span><\/td>\n<\/tr>\n<tr>\n<td><span>Tama\u00f1o<\/span><\/td>\n<td><span>16&#8243;<\/span><\/td>\n<\/tr>\n<tr>\n<td><span>Carga m\u00e1xima<\/span><\/td>\n<td><span>15 kilos<\/span><\/td>\n<\/tr>\n<tr>\n<td><span>Material<\/span><\/td>\n<td><span>Poli\u00e9ster 600D<\/span><\/td>\n<\/tr>\n<\/tbody>\n<\/table>\n<\/div>\n<\/div>\n","protected":false},"excerpt":{"rendered":"<p>Marco r\u00edgido para f\u00e1cil apertura. Con 3 bolsillos exteriores Modelo n.\u00ba WTG3116 Tama\u00f1o 16&#8243; Carga m\u00e1xima 15 kilos Material Poli\u00e9ster<\/p>\n","protected":false},"featured_media":94973,"comment_status":"closed","ping_status":"open","template":"","meta":[],"product_brand":[],"product_cat":[22,23],"product_tag":[],"class_list":{"0":"post-94972","1":"product","2":"type-product","3":"status-publish","4":"has-post-thumbnail","6":"product_cat-almacenamiento","7":"product_cat-herramientas","9":"first","10":"outofstock","11":"purchasable","12":"product-type-simple"},"jetpack_sharing_enabled":true,"_links":{"self":[{"href":"https:\/\/www.veneciacr.com\/index.php\/wp-json\/wp\/v2\/product\/94972","targetHints":{"allow":["GET"]}}],"collection":[{"href":"https:\/\/www.veneciacr.com\/index.php\/wp-json\/wp\/v2\/product"}],"about":[{"href":"https:\/\/www.veneciacr.com\/index.php\/wp-json\/wp\/v2\/types\/product"}],"replies":[{"embeddable":true,"href":"https:\/\/www.veneciacr.com\/index.php\/wp-json\/wp\/v2\/comments?post=94972"}],"wp:featuredmedia":[{"embeddable":true,"href":"https:\/\/www.veneciacr.com\/index.php\/wp-json\/wp\/v2\/media\/94973"}],"wp:attachment":[{"href":"https:\/\/www.veneciacr.com\/index.php\/wp-json\/wp\/v2\/media?parent=94972"}],"wp:term":[{"taxonomy":"product_brand","embeddable":true,"href":"https:\/\/www.veneciacr.com\/index.php\/wp-json\/wp\/v2\/product_brand?post=94972"},{"taxonomy":"product_cat","embeddable":true,"href":"https:\/\/www.veneciacr.com\/index.php\/wp-json\/wp\/v2\/product_cat?post=94972"},{"taxonomy":"product_tag","embeddable":true,"href":"https:\/\/www.veneciacr.com\/index.php\/wp-json\/wp\/v2\/product_tag?post=94972"}],"curies":[{"name":"wp","href":"https:\/\/api.w.org\/{rel}","templated":true}]}}