{"id":94845,"date":"2026-04-21T02:07:31","date_gmt":"2026-04-21T08:07:31","guid":{"rendered":"https:\/\/www.veneciacr.com\/index.php\/producto\/escalera-aluminio-2b-2-1m-7peld-est-36-truper\/"},"modified":"2026-04-21T02:07:33","modified_gmt":"2026-04-21T08:07:33","slug":"escalera-aluminio-2b-2-1m-7peld-est-36-truper","status":"publish","type":"product","link":"https:\/\/www.veneciacr.com\/index.php\/producto\/escalera-aluminio-2b-2-1m-7peld-est-36-truper\/","title":{"rendered":"ESCALERA ALUMINIO 2B 2.1M 7PELD EST-36 TRUPER"},"content":{"rendered":"<p>CARACTER\u00cdSTICAS<br \/>\nEstructura de aluminio<br \/>\nPelda\u00f1os antiderrapantes 3&#8243; (8 cm)<br \/>\nSeparadores externos para mayor estabilidad<br \/>\nDoble refuerzo en pelda\u00f1os inferiores para mayor resistencia<br \/>\nBandeja retr\u00e1ctil<br \/>\n*Alcance m\u00e1ximo para una persona de 1.68 m de estatura<br \/>\nTacones pl\u00e1sticos antiderrapantes<br \/>\nMeseta pl\u00e1stica con ranura para herramientas<\/p>\n<p>NORMA<br \/>\nCumple la norma ANSI-ASC A14.2 (Certificado no disponible)<\/p>\n<p>ESPECIFICACIONES<\/p>\n<p>Tipo: III<br \/>\nCapacidad de carga: 150 kg<br \/>\nN\u00famero de pelda\u00f1os: 6<br \/>\nAltura: 2.1 m (7&#8242;)<br \/>\nAlcance m\u00e1ximo*: 3.4 m (11&#8242;)<br \/>\nApertura lateral: 1.22 m<br \/>\nVolumen: 0.14 m\u00b3<br \/>\nPeso: 6.4 kg<\/p>\n","protected":false},"excerpt":{"rendered":"<p>CARACTER\u00cdSTICAS Estructura de aluminio Pelda\u00f1os antiderrapantes 3&#8243; (8 cm) Separadores externos para mayor estabilidad Doble refuerzo en pelda\u00f1os inferiores para<\/p>\n","protected":false},"featured_media":94846,"comment_status":"closed","ping_status":"open","template":"","meta":[],"product_brand":[],"product_cat":[15],"product_tag":[],"class_list":{"0":"post-94845","1":"product","2":"type-product","3":"status-publish","4":"has-post-thumbnail","6":"product_cat-uncategorized","8":"first","9":"instock","10":"purchasable","11":"product-type-simple"},"jetpack_sharing_enabled":true,"_links":{"self":[{"href":"https:\/\/www.veneciacr.com\/index.php\/wp-json\/wp\/v2\/product\/94845","targetHints":{"allow":["GET"]}}],"collection":[{"href":"https:\/\/www.veneciacr.com\/index.php\/wp-json\/wp\/v2\/product"}],"about":[{"href":"https:\/\/www.veneciacr.com\/index.php\/wp-json\/wp\/v2\/types\/product"}],"replies":[{"embeddable":true,"href":"https:\/\/www.veneciacr.com\/index.php\/wp-json\/wp\/v2\/comments?post=94845"}],"wp:featuredmedia":[{"embeddable":true,"href":"https:\/\/www.veneciacr.com\/index.php\/wp-json\/wp\/v2\/media\/94846"}],"wp:attachment":[{"href":"https:\/\/www.veneciacr.com\/index.php\/wp-json\/wp\/v2\/media?parent=94845"}],"wp:term":[{"taxonomy":"product_brand","embeddable":true,"href":"https:\/\/www.veneciacr.com\/index.php\/wp-json\/wp\/v2\/product_brand?post=94845"},{"taxonomy":"product_cat","embeddable":true,"href":"https:\/\/www.veneciacr.com\/index.php\/wp-json\/wp\/v2\/product_cat?post=94845"},{"taxonomy":"product_tag","embeddable":true,"href":"https:\/\/www.veneciacr.com\/index.php\/wp-json\/wp\/v2\/product_tag?post=94845"}],"curies":[{"name":"wp","href":"https:\/\/api.w.org\/{rel}","templated":true}]}}