{"id":94839,"date":"2026-04-21T02:07:35","date_gmt":"2026-04-21T08:07:35","guid":{"rendered":"https:\/\/www.veneciacr.com\/index.php\/producto\/espatula-inox-4-et-4fx-truper\/"},"modified":"2026-04-21T02:07:35","modified_gmt":"2026-04-21T08:07:35","slug":"espatula-inox-4-et-4fx-truper","status":"publish","type":"product","link":"https:\/\/www.veneciacr.com\/index.php\/producto\/espatula-inox-4-et-4fx-truper\/","title":{"rendered":"ESPATULA INOX 4&#8243; ET-4FX TRUPER"},"content":{"rendered":"<p>Ancho 4&#8243; (102mm)<br \/>\nLongitud 223 mm<br \/>\nPeso 97 g<br \/>\nEmpaque Granel<\/p>\n<p>CARACTER\u00cdSTICAS<br \/>\nHoja fabricada en acero inoxidable para m\u00e1xima resistencia a la corrosi\u00f3n<br \/>\nMango ergon\u00f3mico de doble inyecci\u00f3n fabricado en polipropileno y TPR<br \/>\nCasquillo met\u00e1lico para golpear clavos<\/p>\n<p>USOS<br \/>\nAlba\u00f1iler\u00eda, pintura, resanes, etc\u00e9tera<br \/>\nEn la plancha para voltear alimentos y raspar la superficie<\/p>\n","protected":false},"excerpt":{"rendered":"<p>Ancho 4&#8243; (102mm) Longitud 223 mm Peso 97 g Empaque Granel CARACTER\u00cdSTICAS Hoja fabricada en acero inoxidable para m\u00e1xima resistencia<\/p>\n","protected":false},"featured_media":94859,"comment_status":"closed","ping_status":"open","template":"","meta":[],"product_brand":[],"product_cat":[15],"product_tag":[],"class_list":{"0":"post-94839","1":"product","2":"type-product","3":"status-publish","4":"has-post-thumbnail","6":"product_cat-uncategorized","8":"first","9":"instock","10":"purchasable","11":"product-type-simple"},"jetpack_sharing_enabled":true,"_links":{"self":[{"href":"https:\/\/www.veneciacr.com\/index.php\/wp-json\/wp\/v2\/product\/94839","targetHints":{"allow":["GET"]}}],"collection":[{"href":"https:\/\/www.veneciacr.com\/index.php\/wp-json\/wp\/v2\/product"}],"about":[{"href":"https:\/\/www.veneciacr.com\/index.php\/wp-json\/wp\/v2\/types\/product"}],"replies":[{"embeddable":true,"href":"https:\/\/www.veneciacr.com\/index.php\/wp-json\/wp\/v2\/comments?post=94839"}],"wp:featuredmedia":[{"embeddable":true,"href":"https:\/\/www.veneciacr.com\/index.php\/wp-json\/wp\/v2\/media\/94859"}],"wp:attachment":[{"href":"https:\/\/www.veneciacr.com\/index.php\/wp-json\/wp\/v2\/media?parent=94839"}],"wp:term":[{"taxonomy":"product_brand","embeddable":true,"href":"https:\/\/www.veneciacr.com\/index.php\/wp-json\/wp\/v2\/product_brand?post=94839"},{"taxonomy":"product_cat","embeddable":true,"href":"https:\/\/www.veneciacr.com\/index.php\/wp-json\/wp\/v2\/product_cat?post=94839"},{"taxonomy":"product_tag","embeddable":true,"href":"https:\/\/www.veneciacr.com\/index.php\/wp-json\/wp\/v2\/product_tag?post=94839"}],"curies":[{"name":"wp","href":"https:\/\/api.w.org\/{rel}","templated":true}]}}