{"id":94838,"date":"2026-04-21T02:07:35","date_gmt":"2026-04-21T08:07:35","guid":{"rendered":"https:\/\/www.veneciacr.com\/index.php\/producto\/piqueta-doble-filo-500g-whm1335-wadfow\/"},"modified":"2026-04-21T02:07:35","modified_gmt":"2026-04-21T08:07:35","slug":"piqueta-doble-filo-500g-whm1335-wadfow","status":"publish","type":"product","link":"https:\/\/www.veneciacr.com\/index.php\/producto\/piqueta-doble-filo-500g-whm1335-wadfow\/","title":{"rendered":"PIQUETA DOBLE FILO 500G WHM1335 WADFOW"},"content":{"rendered":"<p>N\u00famero de parte: WHM1335<br \/>\nPiqueta de alba\u00f1il doble filo<br \/>\nPeso: 500g<br \/>\nCabeza de martillo forjado por ca\u00edda<br \/>\nTratamiento t\u00e9rmico<br \/>\nAcero al carbono # 45<br \/>\nMango de fibra de vidrio de dise\u00f1o \u00fanico<\/p>\n","protected":false},"excerpt":{"rendered":"<p>N\u00famero de parte: WHM1335 Piqueta de alba\u00f1il doble filo Peso: 500g Cabeza de martillo forjado por ca\u00edda Tratamiento t\u00e9rmico Acero<\/p>\n","protected":false},"featured_media":97497,"comment_status":"closed","ping_status":"open","template":"","meta":[],"product_brand":[],"product_cat":[15],"product_tag":[],"class_list":{"0":"post-94838","1":"product","2":"type-product","3":"status-publish","4":"has-post-thumbnail","6":"product_cat-uncategorized","8":"first","9":"instock","10":"purchasable","11":"product-type-simple"},"jetpack_sharing_enabled":true,"_links":{"self":[{"href":"https:\/\/www.veneciacr.com\/index.php\/wp-json\/wp\/v2\/product\/94838","targetHints":{"allow":["GET"]}}],"collection":[{"href":"https:\/\/www.veneciacr.com\/index.php\/wp-json\/wp\/v2\/product"}],"about":[{"href":"https:\/\/www.veneciacr.com\/index.php\/wp-json\/wp\/v2\/types\/product"}],"replies":[{"embeddable":true,"href":"https:\/\/www.veneciacr.com\/index.php\/wp-json\/wp\/v2\/comments?post=94838"}],"wp:featuredmedia":[{"embeddable":true,"href":"https:\/\/www.veneciacr.com\/index.php\/wp-json\/wp\/v2\/media\/97497"}],"wp:attachment":[{"href":"https:\/\/www.veneciacr.com\/index.php\/wp-json\/wp\/v2\/media?parent=94838"}],"wp:term":[{"taxonomy":"product_brand","embeddable":true,"href":"https:\/\/www.veneciacr.com\/index.php\/wp-json\/wp\/v2\/product_brand?post=94838"},{"taxonomy":"product_cat","embeddable":true,"href":"https:\/\/www.veneciacr.com\/index.php\/wp-json\/wp\/v2\/product_cat?post=94838"},{"taxonomy":"product_tag","embeddable":true,"href":"https:\/\/www.veneciacr.com\/index.php\/wp-json\/wp\/v2\/product_tag?post=94838"}],"curies":[{"name":"wp","href":"https:\/\/api.w.org\/{rel}","templated":true}]}}