{"id":94794,"date":"2026-05-01T01:54:37","date_gmt":"2026-05-01T07:54:37","guid":{"rendered":"https:\/\/www.veneciacr.com\/index.php\/producto\/clavadora-neumatica-15-50mm-ga18-tat83501-total\/"},"modified":"2026-05-01T01:54:38","modified_gmt":"2026-05-01T07:54:38","slug":"clavadora-neumatica-15-50mm-ga18-tat83501-total","status":"publish","type":"product","link":"https:\/\/www.veneciacr.com\/index.php\/producto\/clavadora-neumatica-15-50mm-ga18-tat83501-total\/","title":{"rendered":"CLAVADORA NEUMATICA 15-50MM GA18 TAT83501 TOTAL"},"content":{"rendered":"<p>-\u00bfD\u00f3nde usarlo?: Para clavar clavos de forma autom\u00e1tica, especialmente sobre superficies de madera.<\/p>\n<p>-Capacidad de carga: 100 piezas.<\/p>\n<p>-Presi\u00f3n de trabajo: 0.4-0.7Mpa (60-100 Psi).<\/p>\n<p>-Peso (kg): 2.24.<\/p>\n<p>-Tama\u00f1o Brad: 15-50mm.<\/p>\n<p>-Ga 18,1.25 x 1.00mm.<\/p>\n","protected":false},"excerpt":{"rendered":"<p>-\u00bfD\u00f3nde usarlo?: Para clavar clavos de forma autom\u00e1tica, especialmente sobre superficies de madera. -Capacidad de carga: 100 piezas. -Presi\u00f3n de<\/p>\n","protected":false},"featured_media":97517,"comment_status":"closed","ping_status":"open","template":"","meta":[],"product_brand":[],"product_cat":[15],"product_tag":[],"class_list":{"0":"post-94794","1":"product","2":"type-product","3":"status-publish","4":"has-post-thumbnail","6":"product_cat-uncategorized","8":"first","9":"instock","10":"purchasable","11":"product-type-simple"},"jetpack_sharing_enabled":true,"_links":{"self":[{"href":"https:\/\/www.veneciacr.com\/index.php\/wp-json\/wp\/v2\/product\/94794","targetHints":{"allow":["GET"]}}],"collection":[{"href":"https:\/\/www.veneciacr.com\/index.php\/wp-json\/wp\/v2\/product"}],"about":[{"href":"https:\/\/www.veneciacr.com\/index.php\/wp-json\/wp\/v2\/types\/product"}],"replies":[{"embeddable":true,"href":"https:\/\/www.veneciacr.com\/index.php\/wp-json\/wp\/v2\/comments?post=94794"}],"wp:featuredmedia":[{"embeddable":true,"href":"https:\/\/www.veneciacr.com\/index.php\/wp-json\/wp\/v2\/media\/97517"}],"wp:attachment":[{"href":"https:\/\/www.veneciacr.com\/index.php\/wp-json\/wp\/v2\/media?parent=94794"}],"wp:term":[{"taxonomy":"product_brand","embeddable":true,"href":"https:\/\/www.veneciacr.com\/index.php\/wp-json\/wp\/v2\/product_brand?post=94794"},{"taxonomy":"product_cat","embeddable":true,"href":"https:\/\/www.veneciacr.com\/index.php\/wp-json\/wp\/v2\/product_cat?post=94794"},{"taxonomy":"product_tag","embeddable":true,"href":"https:\/\/www.veneciacr.com\/index.php\/wp-json\/wp\/v2\/product_tag?post=94794"}],"curies":[{"name":"wp","href":"https:\/\/api.w.org\/{rel}","templated":true}]}}