{"id":94743,"date":"2026-04-21T02:07:50","date_gmt":"2026-04-21T08:07:50","guid":{"rendered":"https:\/\/www.veneciacr.com\/index.php\/producto\/cono-seguridad-pvc-70cm-wyj1a70-wadfow\/"},"modified":"2026-04-21T02:07:51","modified_gmt":"2026-04-21T08:07:51","slug":"cono-seguridad-pvc-70cm-wyj1a70-wadfow","status":"publish","type":"product","link":"https:\/\/www.veneciacr.com\/index.php\/producto\/cono-seguridad-pvc-70cm-wyj1a70-wadfow\/","title":{"rendered":"CONO SEGURIDAD PVC 70CM WYJ1A70 WADFOW"},"content":{"rendered":"<p>Cono de tr\u00e1fico de PVC<br \/>\nAltura: 70cm<br \/>\nTama\u00f1o de la base: 34,5 \u00d7 34,5 cm<br \/>\nTama\u00f1o de los collares reflectantes: 10 cm + 15 cm<br \/>\nEmpaquetado por etiqueta<\/p>\n","protected":false},"excerpt":{"rendered":"<p>Cono de tr\u00e1fico de PVC Altura: 70cm Tama\u00f1o de la base: 34,5 \u00d7 34,5 cm Tama\u00f1o de los collares reflectantes:<\/p>\n","protected":false},"featured_media":94757,"comment_status":"closed","ping_status":"open","template":"","meta":[],"product_brand":[],"product_cat":[15],"product_tag":[],"class_list":{"0":"post-94743","1":"product","2":"type-product","3":"status-publish","4":"has-post-thumbnail","6":"product_cat-uncategorized","8":"first","9":"instock","10":"purchasable","11":"product-type-simple"},"jetpack_sharing_enabled":true,"_links":{"self":[{"href":"https:\/\/www.veneciacr.com\/index.php\/wp-json\/wp\/v2\/product\/94743","targetHints":{"allow":["GET"]}}],"collection":[{"href":"https:\/\/www.veneciacr.com\/index.php\/wp-json\/wp\/v2\/product"}],"about":[{"href":"https:\/\/www.veneciacr.com\/index.php\/wp-json\/wp\/v2\/types\/product"}],"replies":[{"embeddable":true,"href":"https:\/\/www.veneciacr.com\/index.php\/wp-json\/wp\/v2\/comments?post=94743"}],"wp:featuredmedia":[{"embeddable":true,"href":"https:\/\/www.veneciacr.com\/index.php\/wp-json\/wp\/v2\/media\/94757"}],"wp:attachment":[{"href":"https:\/\/www.veneciacr.com\/index.php\/wp-json\/wp\/v2\/media?parent=94743"}],"wp:term":[{"taxonomy":"product_brand","embeddable":true,"href":"https:\/\/www.veneciacr.com\/index.php\/wp-json\/wp\/v2\/product_brand?post=94743"},{"taxonomy":"product_cat","embeddable":true,"href":"https:\/\/www.veneciacr.com\/index.php\/wp-json\/wp\/v2\/product_cat?post=94743"},{"taxonomy":"product_tag","embeddable":true,"href":"https:\/\/www.veneciacr.com\/index.php\/wp-json\/wp\/v2\/product_tag?post=94743"}],"curies":[{"name":"wp","href":"https:\/\/api.w.org\/{rel}","templated":true}]}}