{"id":94732,"date":"2026-04-21T02:07:47","date_gmt":"2026-04-21T08:07:47","guid":{"rendered":"https:\/\/www.veneciacr.com\/index.php\/producto\/caja-plastica-3pzs-15x10-5x8cm-wtb8333-wadfow\/"},"modified":"2026-04-21T02:07:47","modified_gmt":"2026-04-21T08:07:47","slug":"caja-plastica-3pzs-15x10-5x8cm-wtb8333-wadfow","status":"publish","type":"product","link":"https:\/\/www.veneciacr.com\/index.php\/producto\/caja-plastica-3pzs-15x10-5x8cm-wtb8333-wadfow\/","title":{"rendered":"CAJA PLASTICA 3PZS 15X10.5X8CM WTB8333 WADFOW"},"content":{"rendered":"<p>-3 Piezas\/set<br \/>\n-Tama\u00f1o de cada papelera: 150x105x80mm<br \/>\n-Color: transparente<br \/>\n-Material: Pl\u00e1stico PP<br \/>\n-2 compartimentos para accesorios peque\u00f1os<br \/>\n-Separador extra\u00edble<\/p>\n","protected":false},"excerpt":{"rendered":"<p>-3 Piezas\/set -Tama\u00f1o de cada papelera: 150x105x80mm -Color: transparente -Material: Pl\u00e1stico PP -2 compartimentos para accesorios peque\u00f1os -Separador extra\u00edble<\/p>\n","protected":false},"featured_media":94733,"comment_status":"closed","ping_status":"open","template":"","meta":[],"product_brand":[],"product_cat":[131],"product_tag":[],"class_list":{"0":"post-94732","1":"product","2":"type-product","3":"status-publish","4":"has-post-thumbnail","6":"product_cat-hogar","8":"first","9":"instock","10":"purchasable","11":"product-type-simple"},"jetpack_sharing_enabled":true,"_links":{"self":[{"href":"https:\/\/www.veneciacr.com\/index.php\/wp-json\/wp\/v2\/product\/94732","targetHints":{"allow":["GET"]}}],"collection":[{"href":"https:\/\/www.veneciacr.com\/index.php\/wp-json\/wp\/v2\/product"}],"about":[{"href":"https:\/\/www.veneciacr.com\/index.php\/wp-json\/wp\/v2\/types\/product"}],"replies":[{"embeddable":true,"href":"https:\/\/www.veneciacr.com\/index.php\/wp-json\/wp\/v2\/comments?post=94732"}],"wp:featuredmedia":[{"embeddable":true,"href":"https:\/\/www.veneciacr.com\/index.php\/wp-json\/wp\/v2\/media\/94733"}],"wp:attachment":[{"href":"https:\/\/www.veneciacr.com\/index.php\/wp-json\/wp\/v2\/media?parent=94732"}],"wp:term":[{"taxonomy":"product_brand","embeddable":true,"href":"https:\/\/www.veneciacr.com\/index.php\/wp-json\/wp\/v2\/product_brand?post=94732"},{"taxonomy":"product_cat","embeddable":true,"href":"https:\/\/www.veneciacr.com\/index.php\/wp-json\/wp\/v2\/product_cat?post=94732"},{"taxonomy":"product_tag","embeddable":true,"href":"https:\/\/www.veneciacr.com\/index.php\/wp-json\/wp\/v2\/product_tag?post=94732"}],"curies":[{"name":"wp","href":"https:\/\/api.w.org\/{rel}","templated":true}]}}