{"id":94578,"date":"2026-04-21T02:10:05","date_gmt":"2026-04-21T08:10:05","guid":{"rendered":"https:\/\/www.veneciacr.com\/index.php\/producto\/set-brocasierra-diamantada-6pzs-tac44061-total\/"},"modified":"2026-04-21T02:10:06","modified_gmt":"2026-04-21T08:10:06","slug":"set-brocasierra-diamantada-6pzs-tac44061-total","status":"publish","type":"product","link":"https:\/\/www.veneciacr.com\/index.php\/producto\/set-brocasierra-diamantada-6pzs-tac44061-total\/","title":{"rendered":"SET BROCASIERRA DIAMANTADA 6PZS TAC44061 TOTAL"},"content":{"rendered":"<p>SET BROCASIERRA DIAMANTADA 6PZS TAC44061 TOTAL<\/p>\n<p>-Para piedras y cer\u00e1micas<\/p>\n<p>-Tama\u00f1o de la sierra de perforaci\u00f3n: 33mm, 53mm, 73mm, 83mm<\/p>\n<p>-1 Placa de ubicaci\u00f3n de aluminio<\/p>\n<p>-1 Broca piloto<\/p>\n","protected":false},"excerpt":{"rendered":"<p>SET BROCASIERRA DIAMANTADA 6PZS TAC44061 TOTAL -Para piedras y cer\u00e1micas -Tama\u00f1o de la sierra de perforaci\u00f3n: 33mm, 53mm, 73mm, 83mm<\/p>\n","protected":false},"featured_media":97508,"comment_status":"closed","ping_status":"open","template":"","meta":[],"product_brand":[],"product_cat":[15],"product_tag":[],"class_list":{"0":"post-94578","1":"product","2":"type-product","3":"status-publish","4":"has-post-thumbnail","6":"product_cat-uncategorized","8":"first","9":"instock","10":"purchasable","11":"product-type-simple"},"jetpack_sharing_enabled":true,"_links":{"self":[{"href":"https:\/\/www.veneciacr.com\/index.php\/wp-json\/wp\/v2\/product\/94578","targetHints":{"allow":["GET"]}}],"collection":[{"href":"https:\/\/www.veneciacr.com\/index.php\/wp-json\/wp\/v2\/product"}],"about":[{"href":"https:\/\/www.veneciacr.com\/index.php\/wp-json\/wp\/v2\/types\/product"}],"replies":[{"embeddable":true,"href":"https:\/\/www.veneciacr.com\/index.php\/wp-json\/wp\/v2\/comments?post=94578"}],"wp:featuredmedia":[{"embeddable":true,"href":"https:\/\/www.veneciacr.com\/index.php\/wp-json\/wp\/v2\/media\/97508"}],"wp:attachment":[{"href":"https:\/\/www.veneciacr.com\/index.php\/wp-json\/wp\/v2\/media?parent=94578"}],"wp:term":[{"taxonomy":"product_brand","embeddable":true,"href":"https:\/\/www.veneciacr.com\/index.php\/wp-json\/wp\/v2\/product_brand?post=94578"},{"taxonomy":"product_cat","embeddable":true,"href":"https:\/\/www.veneciacr.com\/index.php\/wp-json\/wp\/v2\/product_cat?post=94578"},{"taxonomy":"product_tag","embeddable":true,"href":"https:\/\/www.veneciacr.com\/index.php\/wp-json\/wp\/v2\/product_tag?post=94578"}],"curies":[{"name":"wp","href":"https:\/\/api.w.org\/{rel}","templated":true}]}}