{"id":94576,"date":"2026-04-21T02:10:05","date_gmt":"2026-04-21T08:10:05","guid":{"rendered":"https:\/\/www.veneciacr.com\/index.php\/producto\/porta-manguera-plastica-thhr40122-total\/"},"modified":"2026-04-21T02:10:05","modified_gmt":"2026-04-21T08:10:05","slug":"porta-manguera-plastica-thhr40122-total","status":"publish","type":"product","link":"https:\/\/www.veneciacr.com\/index.php\/producto\/porta-manguera-plastica-thhr40122-total\/","title":{"rendered":"PORTA MANGUERA PLASTICA THHR40122 TOTAL"},"content":{"rendered":"<p><span>El m\u00e1ximo se puede enrollar alrededor de una tuber\u00eda de agua de 1\/2 &#8220;de 40 metros<\/span><br \/>\n<span>Mango plegable para un f\u00e1cil almacenamiento<\/span><br \/>\n<span>Soporte de tubo de aluminio, se puede colgar en la pared<\/span><br \/>\n<span>Se suministra completamente ensamblado<\/span><br \/>\n<span>Mango alargado y agrandado, dise\u00f1o anti-pellizco<\/span><br \/>\n<span>Soportes gruesos, interior de gran capacidad, usando tuber\u00edas de agua, haciendo que las tuber\u00edas de agua sucias est\u00e9n limpias y ordenadas, f\u00e1ciles de usar y almacenar<\/span><br \/>\n<span>Material: PP, aluminio<\/span><br \/>\n<span>Empaquetado en caja de color<\/span><\/p>\n","protected":false},"excerpt":{"rendered":"<p>El m\u00e1ximo se puede enrollar alrededor de una tuber\u00eda de agua de 1\/2 &#8220;de 40 metros Mango plegable para un<\/p>\n","protected":false},"featured_media":94595,"comment_status":"closed","ping_status":"open","template":"","meta":[],"product_brand":[],"product_cat":[15],"product_tag":[],"class_list":{"0":"post-94576","1":"product","2":"type-product","3":"status-publish","4":"has-post-thumbnail","6":"product_cat-uncategorized","8":"first","9":"instock","10":"purchasable","11":"product-type-simple"},"jetpack_sharing_enabled":true,"_links":{"self":[{"href":"https:\/\/www.veneciacr.com\/index.php\/wp-json\/wp\/v2\/product\/94576","targetHints":{"allow":["GET"]}}],"collection":[{"href":"https:\/\/www.veneciacr.com\/index.php\/wp-json\/wp\/v2\/product"}],"about":[{"href":"https:\/\/www.veneciacr.com\/index.php\/wp-json\/wp\/v2\/types\/product"}],"replies":[{"embeddable":true,"href":"https:\/\/www.veneciacr.com\/index.php\/wp-json\/wp\/v2\/comments?post=94576"}],"wp:featuredmedia":[{"embeddable":true,"href":"https:\/\/www.veneciacr.com\/index.php\/wp-json\/wp\/v2\/media\/94595"}],"wp:attachment":[{"href":"https:\/\/www.veneciacr.com\/index.php\/wp-json\/wp\/v2\/media?parent=94576"}],"wp:term":[{"taxonomy":"product_brand","embeddable":true,"href":"https:\/\/www.veneciacr.com\/index.php\/wp-json\/wp\/v2\/product_brand?post=94576"},{"taxonomy":"product_cat","embeddable":true,"href":"https:\/\/www.veneciacr.com\/index.php\/wp-json\/wp\/v2\/product_cat?post=94576"},{"taxonomy":"product_tag","embeddable":true,"href":"https:\/\/www.veneciacr.com\/index.php\/wp-json\/wp\/v2\/product_tag?post=94576"}],"curies":[{"name":"wp","href":"https:\/\/api.w.org\/{rel}","templated":true}]}}