{"id":94562,"date":"2026-04-21T02:07:53","date_gmt":"2026-04-21T08:07:53","guid":{"rendered":"https:\/\/www.veneciacr.com\/index.php\/producto\/termofusor-para-tubos-pvc-800w-uwwm1l15-wadfow\/"},"modified":"2026-04-21T02:07:55","modified_gmt":"2026-04-21T08:07:55","slug":"termofusor-para-tubos-pvc-800w-uwwm1l15-wadfow","status":"publish","type":"product","link":"https:\/\/www.veneciacr.com\/index.php\/producto\/termofusor-para-tubos-pvc-800w-uwwm1l15-wadfow\/","title":{"rendered":"TERMOFUSOR PARA TUBOS PVC 800W UWWM1L15 WADFOW"},"content":{"rendered":"<p>TERMOFUSOR PARA TUBOS PVC 800W UWWM1L15 WADFOW<\/p>\n<p>-M\u00e1quina de soldar para tubos de pl\u00e1stico<\/p>\n<p>-Potencia nominal: 800W<\/p>\n<p>-Di\u00e1metro de soldadura: 20,25,32mm<\/p>\n<p>-Temperatura de trabajo: 0-300 \u00b0C<\/p>\n<p>-Aplicando a: PP-R, PB, PE, PE-RT<\/p>\n<p>Incluye:<\/p>\n<p>-1 Destornillador<\/p>\n<p>-1 Tecla hexagonal<\/p>\n<p>-3 sockets de soldadura: 20,25,32mm<\/p>\n","protected":false},"excerpt":{"rendered":"<p>TERMOFUSOR PARA TUBOS PVC 800W UWWM1L15 WADFOW -M\u00e1quina de soldar para tubos de pl\u00e1stico -Potencia nominal: 800W -Di\u00e1metro de soldadura:<\/p>\n","protected":false},"featured_media":94594,"comment_status":"closed","ping_status":"open","template":"","meta":[],"product_brand":[],"product_cat":[15],"product_tag":[],"class_list":{"0":"post-94562","1":"product","2":"type-product","3":"status-publish","4":"has-post-thumbnail","6":"product_cat-uncategorized","8":"first","9":"outofstock","10":"purchasable","11":"product-type-simple"},"jetpack_sharing_enabled":true,"_links":{"self":[{"href":"https:\/\/www.veneciacr.com\/index.php\/wp-json\/wp\/v2\/product\/94562","targetHints":{"allow":["GET"]}}],"collection":[{"href":"https:\/\/www.veneciacr.com\/index.php\/wp-json\/wp\/v2\/product"}],"about":[{"href":"https:\/\/www.veneciacr.com\/index.php\/wp-json\/wp\/v2\/types\/product"}],"replies":[{"embeddable":true,"href":"https:\/\/www.veneciacr.com\/index.php\/wp-json\/wp\/v2\/comments?post=94562"}],"wp:featuredmedia":[{"embeddable":true,"href":"https:\/\/www.veneciacr.com\/index.php\/wp-json\/wp\/v2\/media\/94594"}],"wp:attachment":[{"href":"https:\/\/www.veneciacr.com\/index.php\/wp-json\/wp\/v2\/media?parent=94562"}],"wp:term":[{"taxonomy":"product_brand","embeddable":true,"href":"https:\/\/www.veneciacr.com\/index.php\/wp-json\/wp\/v2\/product_brand?post=94562"},{"taxonomy":"product_cat","embeddable":true,"href":"https:\/\/www.veneciacr.com\/index.php\/wp-json\/wp\/v2\/product_cat?post=94562"},{"taxonomy":"product_tag","embeddable":true,"href":"https:\/\/www.veneciacr.com\/index.php\/wp-json\/wp\/v2\/product_tag?post=94562"}],"curies":[{"name":"wp","href":"https:\/\/api.w.org\/{rel}","templated":true}]}}