{"id":94436,"date":"2026-04-21T02:10:42","date_gmt":"2026-04-21T08:10:42","guid":{"rendered":"https:\/\/www.veneciacr.com\/index.php\/producto\/romana-20kg-tesa5201-total\/"},"modified":"2026-04-21T02:10:43","modified_gmt":"2026-04-21T08:10:43","slug":"romana-mesa-20kg-tesa5201-total","status":"publish","type":"product","link":"https:\/\/www.veneciacr.com\/index.php\/producto\/romana-mesa-20kg-tesa5201-total\/","title":{"rendered":"ROMANA MESA 20KG TESA5201 TOTAL"},"content":{"rendered":"<p>ROMANA 20KG TESA5201 TOTAL<\/p>\n<p>N\u00famero de parte: TESA5201<br \/>\nPeso m\u00e1ximo soportado: 20kg<br \/>\nCon graduaci\u00f3n de 100g<br \/>\nPantalla: placa de marcaci\u00f3n<br \/>\nRecipiente de acero inoxidable<br \/>\nDi\u00e1metro del recipiente: 255 mm<\/p>\n","protected":false},"excerpt":{"rendered":"<p>ROMANA 20KG TESA5201 TOTAL N\u00famero de parte: TESA5201 Peso m\u00e1ximo soportado: 20kg Con graduaci\u00f3n de 100g Pantalla: placa de marcaci\u00f3n<\/p>\n","protected":false},"featured_media":97528,"comment_status":"closed","ping_status":"open","template":"","meta":[],"product_brand":[],"product_cat":[15],"product_tag":[],"class_list":{"0":"post-94436","1":"product","2":"type-product","3":"status-publish","4":"has-post-thumbnail","6":"product_cat-uncategorized","8":"first","9":"outofstock","10":"purchasable","11":"product-type-simple"},"jetpack_sharing_enabled":true,"_links":{"self":[{"href":"https:\/\/www.veneciacr.com\/index.php\/wp-json\/wp\/v2\/product\/94436","targetHints":{"allow":["GET"]}}],"collection":[{"href":"https:\/\/www.veneciacr.com\/index.php\/wp-json\/wp\/v2\/product"}],"about":[{"href":"https:\/\/www.veneciacr.com\/index.php\/wp-json\/wp\/v2\/types\/product"}],"replies":[{"embeddable":true,"href":"https:\/\/www.veneciacr.com\/index.php\/wp-json\/wp\/v2\/comments?post=94436"}],"wp:featuredmedia":[{"embeddable":true,"href":"https:\/\/www.veneciacr.com\/index.php\/wp-json\/wp\/v2\/media\/97528"}],"wp:attachment":[{"href":"https:\/\/www.veneciacr.com\/index.php\/wp-json\/wp\/v2\/media?parent=94436"}],"wp:term":[{"taxonomy":"product_brand","embeddable":true,"href":"https:\/\/www.veneciacr.com\/index.php\/wp-json\/wp\/v2\/product_brand?post=94436"},{"taxonomy":"product_cat","embeddable":true,"href":"https:\/\/www.veneciacr.com\/index.php\/wp-json\/wp\/v2\/product_cat?post=94436"},{"taxonomy":"product_tag","embeddable":true,"href":"https:\/\/www.veneciacr.com\/index.php\/wp-json\/wp\/v2\/product_tag?post=94436"}],"curies":[{"name":"wp","href":"https:\/\/api.w.org\/{rel}","templated":true}]}}