{"id":94430,"date":"2026-04-21T02:10:39","date_gmt":"2026-04-21T08:10:39","guid":{"rendered":"https:\/\/www.veneciacr.com\/index.php\/producto\/capa-pvc-larga-c-gorro-talla-l-imper-l-truper\/"},"modified":"2026-04-21T02:10:41","modified_gmt":"2026-04-21T08:10:41","slug":"capa-pvc-larga-c-gorro-talla-l-imper-l-truper","status":"publish","type":"product","link":"https:\/\/www.veneciacr.com\/index.php\/producto\/capa-pvc-larga-c-gorro-talla-l-imper-l-truper\/","title":{"rendered":"CAPA PVC LARGA C\/GORRO TALLA L IMPER-L TRUPER"},"content":{"rendered":"<p>Capucha con cord\u00f3n de ajuste<\/p>\n<p>Ventilaci\u00f3n en axilas<\/p>\n<p>Resorte interno en mu\u00f1ecas<\/p>\n","protected":false},"excerpt":{"rendered":"<p>Capucha con cord\u00f3n de ajuste Ventilaci\u00f3n en axilas Resorte interno en mu\u00f1ecas<\/p>\n","protected":false},"featured_media":94431,"comment_status":"closed","ping_status":"open","template":"","meta":[],"product_brand":[],"product_cat":[23,88],"product_tag":[],"class_list":{"0":"post-94430","1":"product","2":"type-product","3":"status-publish","4":"has-post-thumbnail","6":"product_cat-herramientas","7":"product_cat-proteccion-y-seguridad","9":"first","10":"instock","11":"purchasable","12":"product-type-simple"},"jetpack_sharing_enabled":true,"_links":{"self":[{"href":"https:\/\/www.veneciacr.com\/index.php\/wp-json\/wp\/v2\/product\/94430","targetHints":{"allow":["GET"]}}],"collection":[{"href":"https:\/\/www.veneciacr.com\/index.php\/wp-json\/wp\/v2\/product"}],"about":[{"href":"https:\/\/www.veneciacr.com\/index.php\/wp-json\/wp\/v2\/types\/product"}],"replies":[{"embeddable":true,"href":"https:\/\/www.veneciacr.com\/index.php\/wp-json\/wp\/v2\/comments?post=94430"}],"wp:featuredmedia":[{"embeddable":true,"href":"https:\/\/www.veneciacr.com\/index.php\/wp-json\/wp\/v2\/media\/94431"}],"wp:attachment":[{"href":"https:\/\/www.veneciacr.com\/index.php\/wp-json\/wp\/v2\/media?parent=94430"}],"wp:term":[{"taxonomy":"product_brand","embeddable":true,"href":"https:\/\/www.veneciacr.com\/index.php\/wp-json\/wp\/v2\/product_brand?post=94430"},{"taxonomy":"product_cat","embeddable":true,"href":"https:\/\/www.veneciacr.com\/index.php\/wp-json\/wp\/v2\/product_cat?post=94430"},{"taxonomy":"product_tag","embeddable":true,"href":"https:\/\/www.veneciacr.com\/index.php\/wp-json\/wp\/v2\/product_tag?post=94430"}],"curies":[{"name":"wp","href":"https:\/\/api.w.org\/{rel}","templated":true}]}}