{"id":94413,"date":"2026-04-21T02:10:33","date_gmt":"2026-04-21T08:10:33","guid":{"rendered":"https:\/\/www.veneciacr.com\/index.php\/producto\/capa-pvc-eco-2pzs-talla-s-tra-pro-s-p-pretul\/"},"modified":"2026-04-21T02:10:36","modified_gmt":"2026-04-21T08:10:36","slug":"capa-pvc-eco-2pzs-talla-s-tra-pro-s-p-pretul","status":"publish","type":"product","link":"https:\/\/www.veneciacr.com\/index.php\/producto\/capa-pvc-eco-2pzs-talla-s-tra-pro-s-p-pretul\/","title":{"rendered":"CAPA PVC ECO 2PZS TALLA S TRA-PRO-S-P PRETUL"},"content":{"rendered":"<p>100% PVC<br \/>\nPantal\u00f3n<br \/>\nCapucha con cord\u00f3n de ajuste<br \/>\nVentilaci\u00f3n en axilas<\/p>\n<p>Especificaciones<br \/>\nGenerales<br \/>\nEspesor 0.10 mm<br \/>\nEmpaque individual Bolsa<\/p>\n<p>27093 TRA-PRO-S-P Chica (Ch)<\/p>\n","protected":false},"excerpt":{"rendered":"<p>100% PVC Pantal\u00f3n Capucha con cord\u00f3n de ajuste Ventilaci\u00f3n en axilas Especificaciones Generales Espesor 0.10 mm Empaque individual Bolsa 27093<\/p>\n","protected":false},"featured_media":94414,"comment_status":"closed","ping_status":"open","template":"","meta":[],"product_brand":[],"product_cat":[23,88],"product_tag":[],"class_list":{"0":"post-94413","1":"product","2":"type-product","3":"status-publish","4":"has-post-thumbnail","6":"product_cat-herramientas","7":"product_cat-proteccion-y-seguridad","9":"first","10":"instock","11":"purchasable","12":"product-type-simple"},"jetpack_sharing_enabled":true,"_links":{"self":[{"href":"https:\/\/www.veneciacr.com\/index.php\/wp-json\/wp\/v2\/product\/94413","targetHints":{"allow":["GET"]}}],"collection":[{"href":"https:\/\/www.veneciacr.com\/index.php\/wp-json\/wp\/v2\/product"}],"about":[{"href":"https:\/\/www.veneciacr.com\/index.php\/wp-json\/wp\/v2\/types\/product"}],"replies":[{"embeddable":true,"href":"https:\/\/www.veneciacr.com\/index.php\/wp-json\/wp\/v2\/comments?post=94413"}],"wp:featuredmedia":[{"embeddable":true,"href":"https:\/\/www.veneciacr.com\/index.php\/wp-json\/wp\/v2\/media\/94414"}],"wp:attachment":[{"href":"https:\/\/www.veneciacr.com\/index.php\/wp-json\/wp\/v2\/media?parent=94413"}],"wp:term":[{"taxonomy":"product_brand","embeddable":true,"href":"https:\/\/www.veneciacr.com\/index.php\/wp-json\/wp\/v2\/product_brand?post=94413"},{"taxonomy":"product_cat","embeddable":true,"href":"https:\/\/www.veneciacr.com\/index.php\/wp-json\/wp\/v2\/product_cat?post=94413"},{"taxonomy":"product_tag","embeddable":true,"href":"https:\/\/www.veneciacr.com\/index.php\/wp-json\/wp\/v2\/product_tag?post=94413"}],"curies":[{"name":"wp","href":"https:\/\/api.w.org\/{rel}","templated":true}]}}