{"id":94404,"date":"2026-04-21T02:10:29","date_gmt":"2026-04-21T08:10:29","guid":{"rendered":"https:\/\/www.veneciacr.com\/index.php\/producto\/capa-pvc-reflectiva-2pzs-talla-xl-tra-ref-xl-truper\/"},"modified":"2026-04-21T02:10:33","modified_gmt":"2026-04-21T08:10:33","slug":"capa-pvc-reflectiva-2pzs-talla-xl-tra-ref-xl-truper","status":"publish","type":"product","link":"https:\/\/www.veneciacr.com\/index.php\/producto\/capa-pvc-reflectiva-2pzs-talla-xl-tra-ref-xl-truper\/","title":{"rendered":"CAPA PVC REFLECTIVA 2PZS TALLA XL TRA-REF-XL TRUPER"},"content":{"rendered":"<p>Pantal\u00f3n con peto y chaqueta con 2 bolsas<\/p>\n<p>Capucha con cord\u00f3n de ajuste<\/p>\n<p>Tirantes ajustables<\/p>\n<p>Ventilaci\u00f3n en axilas<\/p>\n<p>Cintas reflejantes alta visibilidad 2&#8243; (50 mm)<\/p>\n","protected":false},"excerpt":{"rendered":"<p>Pantal\u00f3n con peto y chaqueta con 2 bolsas Capucha con cord\u00f3n de ajuste Tirantes ajustables Ventilaci\u00f3n en axilas Cintas reflejantes<\/p>\n","protected":false},"featured_media":94405,"comment_status":"closed","ping_status":"open","template":"","meta":[],"product_brand":[],"product_cat":[23,88],"product_tag":[],"class_list":{"0":"post-94404","1":"product","2":"type-product","3":"status-publish","4":"has-post-thumbnail","6":"product_cat-herramientas","7":"product_cat-proteccion-y-seguridad","9":"first","10":"instock","11":"purchasable","12":"product-type-simple"},"jetpack_sharing_enabled":true,"_links":{"self":[{"href":"https:\/\/www.veneciacr.com\/index.php\/wp-json\/wp\/v2\/product\/94404","targetHints":{"allow":["GET"]}}],"collection":[{"href":"https:\/\/www.veneciacr.com\/index.php\/wp-json\/wp\/v2\/product"}],"about":[{"href":"https:\/\/www.veneciacr.com\/index.php\/wp-json\/wp\/v2\/types\/product"}],"replies":[{"embeddable":true,"href":"https:\/\/www.veneciacr.com\/index.php\/wp-json\/wp\/v2\/comments?post=94404"}],"wp:featuredmedia":[{"embeddable":true,"href":"https:\/\/www.veneciacr.com\/index.php\/wp-json\/wp\/v2\/media\/94405"}],"wp:attachment":[{"href":"https:\/\/www.veneciacr.com\/index.php\/wp-json\/wp\/v2\/media?parent=94404"}],"wp:term":[{"taxonomy":"product_brand","embeddable":true,"href":"https:\/\/www.veneciacr.com\/index.php\/wp-json\/wp\/v2\/product_brand?post=94404"},{"taxonomy":"product_cat","embeddable":true,"href":"https:\/\/www.veneciacr.com\/index.php\/wp-json\/wp\/v2\/product_cat?post=94404"},{"taxonomy":"product_tag","embeddable":true,"href":"https:\/\/www.veneciacr.com\/index.php\/wp-json\/wp\/v2\/product_tag?post=94404"}],"curies":[{"name":"wp","href":"https:\/\/api.w.org\/{rel}","templated":true}]}}