{"id":94402,"date":"2026-04-21T02:10:29","date_gmt":"2026-04-21T08:10:29","guid":{"rendered":"https:\/\/www.veneciacr.com\/index.php\/producto\/guante-latex-para-limpieza-talla-l-gu-343-pretul\/"},"modified":"2026-04-21T02:10:32","modified_gmt":"2026-04-21T08:10:32","slug":"guante-latex-para-limpieza-talla-l-gu-343-pretul","status":"publish","type":"product","link":"https:\/\/www.veneciacr.com\/index.php\/producto\/guante-latex-para-limpieza-talla-l-gu-343-pretul\/","title":{"rendered":"GUANTE LATEX PARA LIMPIEZA TALLA L GU-343 PRETUL"},"content":{"rendered":"<p>Fabricados de l\u00e1tex 100% natural e interior afelpado<br \/>\nBrindan agarre y protecci\u00f3n contra la humedad<br \/>\nPu\u00f1o enrollado que brinda mayor resistencia al desgarre<br \/>\nPalma con dise\u00f1o antiderrapante<br \/>\nNOR-4<br \/>\n23261-01<\/p>\n<p>NORMA<br \/>\nCumple con CE (Certificado no disponible)<br \/>\nESPECIFICACIONES<br \/>\nTalla G<br \/>\nColor Amarillo<br \/>\nEspesor 0.30 mm<br \/>\nLargo 295 mm<\/p>\n<p>APLICACIONES<br \/>\nPara limpieza general con detergentes<\/p>\n<p>CUIDADOS<br \/>\nTodo equipo de seguridad deber\u00e1 ser inspeccionado antes de utilizarse, para as\u00ed descartar alg\u00fan defecto de fabricaci\u00f3n<br \/>\nLave los guantes antes de quit\u00e1rselos, d\u00e9jelos secar evitando que reciban la luz solar y mant\u00e9ngalos alejados del calor<\/p>\n<p>&nbsp;<\/p>\n","protected":false},"excerpt":{"rendered":"<p>Fabricados de l\u00e1tex 100% natural e interior afelpado Brindan agarre y protecci\u00f3n contra la humedad Pu\u00f1o enrollado que brinda mayor<\/p>\n","protected":false},"featured_media":94403,"comment_status":"closed","ping_status":"open","template":"","meta":[],"product_brand":[],"product_cat":[23,88],"product_tag":[],"class_list":{"0":"post-94402","1":"product","2":"type-product","3":"status-publish","4":"has-post-thumbnail","6":"product_cat-herramientas","7":"product_cat-proteccion-y-seguridad","9":"first","10":"instock","11":"purchasable","12":"product-type-simple"},"jetpack_sharing_enabled":true,"_links":{"self":[{"href":"https:\/\/www.veneciacr.com\/index.php\/wp-json\/wp\/v2\/product\/94402","targetHints":{"allow":["GET"]}}],"collection":[{"href":"https:\/\/www.veneciacr.com\/index.php\/wp-json\/wp\/v2\/product"}],"about":[{"href":"https:\/\/www.veneciacr.com\/index.php\/wp-json\/wp\/v2\/types\/product"}],"replies":[{"embeddable":true,"href":"https:\/\/www.veneciacr.com\/index.php\/wp-json\/wp\/v2\/comments?post=94402"}],"wp:featuredmedia":[{"embeddable":true,"href":"https:\/\/www.veneciacr.com\/index.php\/wp-json\/wp\/v2\/media\/94403"}],"wp:attachment":[{"href":"https:\/\/www.veneciacr.com\/index.php\/wp-json\/wp\/v2\/media?parent=94402"}],"wp:term":[{"taxonomy":"product_brand","embeddable":true,"href":"https:\/\/www.veneciacr.com\/index.php\/wp-json\/wp\/v2\/product_brand?post=94402"},{"taxonomy":"product_cat","embeddable":true,"href":"https:\/\/www.veneciacr.com\/index.php\/wp-json\/wp\/v2\/product_cat?post=94402"},{"taxonomy":"product_tag","embeddable":true,"href":"https:\/\/www.veneciacr.com\/index.php\/wp-json\/wp\/v2\/product_tag?post=94402"}],"curies":[{"name":"wp","href":"https:\/\/api.w.org\/{rel}","templated":true}]}}