{"id":94394,"date":"2026-04-21T02:10:26","date_gmt":"2026-04-21T08:10:26","guid":{"rendered":"https:\/\/www.veneciacr.com\/index.php\/producto\/guante-nitrilo-verde-talla-m-gu-822-truper\/"},"modified":"2026-04-21T02:10:29","modified_gmt":"2026-04-21T08:10:29","slug":"guante-nitrilo-verde-talla-m-gu-822-truper","status":"publish","type":"product","link":"https:\/\/www.veneciacr.com\/index.php\/producto\/guante-nitrilo-verde-talla-m-gu-822-truper\/","title":{"rendered":"GUANTE NITRILO VERDE TALLA M GU-822 TRUPER"},"content":{"rendered":"<p>Fabricados de nitrilo<br \/>\nPalmas con dise\u00f1o antiderrapante<br \/>\nResistencia a solventes, aceites, grasas, \u00e1cidos, alcalinos y productos qu\u00edmicos<br \/>\nPara manejo abundante de l\u00edquidos<br \/>\nActividades de trasvase y contacto constante con estos productos<\/p>\n<p>Especificaciones<br \/>\nGenerales<br \/>\nColor Verde<br \/>\nEspesor 0.50 mm<br \/>\nEmpaque individual Bolsa<\/p>\n","protected":false},"excerpt":{"rendered":"<p>Fabricados de nitrilo Palmas con dise\u00f1o antiderrapante Resistencia a solventes, aceites, grasas, \u00e1cidos, alcalinos y productos qu\u00edmicos Para manejo abundante<\/p>\n","protected":false},"featured_media":94395,"comment_status":"closed","ping_status":"open","template":"","meta":[],"product_brand":[],"product_cat":[23,88],"product_tag":[],"class_list":{"0":"post-94394","1":"product","2":"type-product","3":"status-publish","4":"has-post-thumbnail","6":"product_cat-herramientas","7":"product_cat-proteccion-y-seguridad","9":"first","10":"instock","11":"purchasable","12":"product-type-simple"},"jetpack_sharing_enabled":true,"_links":{"self":[{"href":"https:\/\/www.veneciacr.com\/index.php\/wp-json\/wp\/v2\/product\/94394","targetHints":{"allow":["GET"]}}],"collection":[{"href":"https:\/\/www.veneciacr.com\/index.php\/wp-json\/wp\/v2\/product"}],"about":[{"href":"https:\/\/www.veneciacr.com\/index.php\/wp-json\/wp\/v2\/types\/product"}],"replies":[{"embeddable":true,"href":"https:\/\/www.veneciacr.com\/index.php\/wp-json\/wp\/v2\/comments?post=94394"}],"wp:featuredmedia":[{"embeddable":true,"href":"https:\/\/www.veneciacr.com\/index.php\/wp-json\/wp\/v2\/media\/94395"}],"wp:attachment":[{"href":"https:\/\/www.veneciacr.com\/index.php\/wp-json\/wp\/v2\/media?parent=94394"}],"wp:term":[{"taxonomy":"product_brand","embeddable":true,"href":"https:\/\/www.veneciacr.com\/index.php\/wp-json\/wp\/v2\/product_brand?post=94394"},{"taxonomy":"product_cat","embeddable":true,"href":"https:\/\/www.veneciacr.com\/index.php\/wp-json\/wp\/v2\/product_cat?post=94394"},{"taxonomy":"product_tag","embeddable":true,"href":"https:\/\/www.veneciacr.com\/index.php\/wp-json\/wp\/v2\/product_tag?post=94394"}],"curies":[{"name":"wp","href":"https:\/\/api.w.org\/{rel}","templated":true}]}}