{"id":94361,"date":"2026-04-21T02:11:01","date_gmt":"2026-04-21T08:11:01","guid":{"rendered":"https:\/\/www.veneciacr.com\/index.php\/producto\/escalera-1-26m-4p-alum-wld2h04-wadfow\/"},"modified":"2026-04-21T02:11:01","modified_gmt":"2026-04-21T08:11:01","slug":"escalera-1-26m-4p-alum-wld2h04-wadfow","status":"publish","type":"product","link":"https:\/\/www.veneciacr.com\/index.php\/producto\/escalera-1-26m-4p-alum-wld2h04-wadfow\/","title":{"rendered":"ESCALERA 1.26M 4P ALUM WLD2H04 WADFOW"},"content":{"rendered":"<p>ESCALERA 1.26M 4P ALUM WLD2H04 WADFOW<\/p>\n<p>-Material: aluminio<\/p>\n<p>-Pelda\u00f1os: 4 pelda\u00f1os<\/p>\n<p>-Tama\u00f1o abierto: 461 x 915 x 1175 mm<\/p>\n<p>-Tama\u00f1o cerrado: 461 x 154 x 1300 mm<\/p>\n<p>-Elevaci\u00f3n del pelda\u00f1o: 252 mm<\/p>\n<p>Carga m\u00e1xima: 150 kg<\/p>\n","protected":false},"excerpt":{"rendered":"<p>ESCALERA 1.26M 4P ALUM WLD2H04 WADFOW -Material: aluminio -Pelda\u00f1os: 4 pelda\u00f1os -Tama\u00f1o abierto: 461 x 915 x 1175 mm -Tama\u00f1o<\/p>\n","protected":false},"featured_media":94471,"comment_status":"closed","ping_status":"open","template":"","meta":[],"product_brand":[],"product_cat":[15],"product_tag":[],"class_list":{"0":"post-94361","1":"product","2":"type-product","3":"status-publish","4":"has-post-thumbnail","6":"product_cat-uncategorized","8":"first","9":"outofstock","10":"purchasable","11":"product-type-simple"},"jetpack_sharing_enabled":true,"_links":{"self":[{"href":"https:\/\/www.veneciacr.com\/index.php\/wp-json\/wp\/v2\/product\/94361","targetHints":{"allow":["GET"]}}],"collection":[{"href":"https:\/\/www.veneciacr.com\/index.php\/wp-json\/wp\/v2\/product"}],"about":[{"href":"https:\/\/www.veneciacr.com\/index.php\/wp-json\/wp\/v2\/types\/product"}],"replies":[{"embeddable":true,"href":"https:\/\/www.veneciacr.com\/index.php\/wp-json\/wp\/v2\/comments?post=94361"}],"wp:featuredmedia":[{"embeddable":true,"href":"https:\/\/www.veneciacr.com\/index.php\/wp-json\/wp\/v2\/media\/94471"}],"wp:attachment":[{"href":"https:\/\/www.veneciacr.com\/index.php\/wp-json\/wp\/v2\/media?parent=94361"}],"wp:term":[{"taxonomy":"product_brand","embeddable":true,"href":"https:\/\/www.veneciacr.com\/index.php\/wp-json\/wp\/v2\/product_brand?post=94361"},{"taxonomy":"product_cat","embeddable":true,"href":"https:\/\/www.veneciacr.com\/index.php\/wp-json\/wp\/v2\/product_cat?post=94361"},{"taxonomy":"product_tag","embeddable":true,"href":"https:\/\/www.veneciacr.com\/index.php\/wp-json\/wp\/v2\/product_tag?post=94361"}],"curies":[{"name":"wp","href":"https:\/\/api.w.org\/{rel}","templated":true}]}}