{"id":94332,"date":"2026-04-21T02:10:48","date_gmt":"2026-04-21T08:10:48","guid":{"rendered":"https:\/\/www.veneciacr.com\/index.php\/producto\/cinta-antideslizante-blanca-1-x-5m-ciah-15t-truper\/"},"modified":"2026-04-21T02:10:51","modified_gmt":"2026-04-21T08:10:51","slug":"cinta-antideslizante-transp-1-x-5m-ciah-15t-truper","status":"publish","type":"product","link":"https:\/\/www.veneciacr.com\/index.php\/producto\/cinta-antideslizante-transp-1-x-5m-ciah-15t-truper\/","title":{"rendered":"CINTA ANTIDESLIZANTE TRANSP 1&#8243; X 5M CIAH-15T TRUPER"},"content":{"rendered":"<p>Rollo 5 m cinta antiderrapante transp. 25mm p\/\u00e1reas h\u00famedas<br \/>\nCinta fabricada con pol\u00edmero texturizado<br \/>\nAdhesivo acr\u00edlico, resistente al agua y al deslizamiento<br \/>\nSin abrasivo<br \/>\nUso general sin calzado<br \/>\nIdeal para entornos h\u00famedos en interiores<\/p>\n<p>Especificaciones<br \/>\nColor Transparente (mantiene la apariencia original del piso)<br \/>\nAncho 25 mm (1&#8243;)<br \/>\nLargo 5 m<br \/>\nEmpaque individual Caja<\/p>\n","protected":false},"excerpt":{"rendered":"<p>Rollo 5 m cinta antiderrapante transp. 25mm p\/\u00e1reas h\u00famedas Cinta fabricada con pol\u00edmero texturizado Adhesivo acr\u00edlico, resistente al agua y<\/p>\n","protected":false},"featured_media":94333,"comment_status":"closed","ping_status":"open","template":"","meta":[],"product_brand":[],"product_cat":[15],"product_tag":[],"class_list":{"0":"post-94332","1":"product","2":"type-product","3":"status-publish","4":"has-post-thumbnail","6":"product_cat-uncategorized","8":"first","9":"instock","10":"purchasable","11":"product-type-simple"},"jetpack_sharing_enabled":true,"_links":{"self":[{"href":"https:\/\/www.veneciacr.com\/index.php\/wp-json\/wp\/v2\/product\/94332","targetHints":{"allow":["GET"]}}],"collection":[{"href":"https:\/\/www.veneciacr.com\/index.php\/wp-json\/wp\/v2\/product"}],"about":[{"href":"https:\/\/www.veneciacr.com\/index.php\/wp-json\/wp\/v2\/types\/product"}],"replies":[{"embeddable":true,"href":"https:\/\/www.veneciacr.com\/index.php\/wp-json\/wp\/v2\/comments?post=94332"}],"wp:featuredmedia":[{"embeddable":true,"href":"https:\/\/www.veneciacr.com\/index.php\/wp-json\/wp\/v2\/media\/94333"}],"wp:attachment":[{"href":"https:\/\/www.veneciacr.com\/index.php\/wp-json\/wp\/v2\/media?parent=94332"}],"wp:term":[{"taxonomy":"product_brand","embeddable":true,"href":"https:\/\/www.veneciacr.com\/index.php\/wp-json\/wp\/v2\/product_brand?post=94332"},{"taxonomy":"product_cat","embeddable":true,"href":"https:\/\/www.veneciacr.com\/index.php\/wp-json\/wp\/v2\/product_cat?post=94332"},{"taxonomy":"product_tag","embeddable":true,"href":"https:\/\/www.veneciacr.com\/index.php\/wp-json\/wp\/v2\/product_tag?post=94332"}],"curies":[{"name":"wp","href":"https:\/\/api.w.org\/{rel}","templated":true}]}}