{"id":94316,"date":"2026-05-07T01:55:02","date_gmt":"2026-05-07T07:55:02","guid":{"rendered":"https:\/\/www.veneciacr.com\/index.php\/producto\/linterna-inal-20v-2000lm-s-b-twli2088-total\/"},"modified":"2026-05-07T01:55:03","modified_gmt":"2026-05-07T07:55:03","slug":"linterna-20v-24w-2500lm-sin-bateria-twli20885-total","status":"publish","type":"product","link":"https:\/\/www.veneciacr.com\/index.php\/producto\/linterna-20v-24w-2500lm-sin-bateria-twli20885-total\/","title":{"rendered":"LINTERNA 20V 24W 2500LM SIN BATERIA TWLI20885 TOTAL"},"content":{"rendered":"<p>-Disipaci\u00f3n de potencia LED: 24W<\/p>\n<p>-L\u00famenes: 2000 \u00b1 10%<\/p>\n<p>-Empu\u00f1adura ergon\u00f3mica con agarre suave<\/p>\n<p>-La cabeza de la l\u00e1mpara LED se puede girar 120\u00b0 grados<\/p>\n<p>\u2013<strong>No incluye bater\u00eda ni cargador<\/strong><\/p>\n","protected":false},"excerpt":{"rendered":"<p>-Disipaci\u00f3n de potencia LED: 24W -L\u00famenes: 2000 \u00b1 10% -Empu\u00f1adura ergon\u00f3mica con agarre suave -La cabeza de la l\u00e1mpara LED<\/p>\n","protected":false},"featured_media":98446,"comment_status":"closed","ping_status":"open","template":"","meta":[],"product_brand":[],"product_cat":[15],"product_tag":[],"class_list":{"0":"post-94316","1":"product","2":"type-product","3":"status-publish","4":"has-post-thumbnail","6":"product_cat-uncategorized","8":"first","9":"instock","10":"purchasable","11":"product-type-simple"},"jetpack_sharing_enabled":true,"_links":{"self":[{"href":"https:\/\/www.veneciacr.com\/index.php\/wp-json\/wp\/v2\/product\/94316","targetHints":{"allow":["GET"]}}],"collection":[{"href":"https:\/\/www.veneciacr.com\/index.php\/wp-json\/wp\/v2\/product"}],"about":[{"href":"https:\/\/www.veneciacr.com\/index.php\/wp-json\/wp\/v2\/types\/product"}],"replies":[{"embeddable":true,"href":"https:\/\/www.veneciacr.com\/index.php\/wp-json\/wp\/v2\/comments?post=94316"}],"wp:featuredmedia":[{"embeddable":true,"href":"https:\/\/www.veneciacr.com\/index.php\/wp-json\/wp\/v2\/media\/98446"}],"wp:attachment":[{"href":"https:\/\/www.veneciacr.com\/index.php\/wp-json\/wp\/v2\/media?parent=94316"}],"wp:term":[{"taxonomy":"product_brand","embeddable":true,"href":"https:\/\/www.veneciacr.com\/index.php\/wp-json\/wp\/v2\/product_brand?post=94316"},{"taxonomy":"product_cat","embeddable":true,"href":"https:\/\/www.veneciacr.com\/index.php\/wp-json\/wp\/v2\/product_cat?post=94316"},{"taxonomy":"product_tag","embeddable":true,"href":"https:\/\/www.veneciacr.com\/index.php\/wp-json\/wp\/v2\/product_tag?post=94316"}],"curies":[{"name":"wp","href":"https:\/\/api.w.org\/{rel}","templated":true}]}}